{"id":2540,"date":"2026-01-09T13:47:26","date_gmt":"2026-01-09T13:47:26","guid":{"rendered":"https:\/\/staging-prod-nv.cdcndevelopment.com\/?page_id=2540"},"modified":"2026-01-20T09:05:25","modified_gmt":"2026-01-20T09:05:25","slug":"non-discrimination-statement","status":"publish","type":"page","link":"https:\/\/www.consumerdirectnv.com\/vi\/non-discrimination-statement\/","title":{"rendered":"Tuy\u00ean b\u1ed1 v\u1ec1 vi\u1ec7c kh\u00f4ng ph\u00e2n bi\u1ec7t \u0111\u1ed1i x\u1eed"},"content":{"rendered":"<div data-elementor-type=\"wp-page\" data-elementor-id=\"2540\" class=\"elementor elementor-2540\" data-elementor-post-type=\"page\">\n\t\t\t\t<div class=\"elementor-element elementor-element-5db1588 e-con-full e-flex e-con e-parent\" data-id=\"5db1588\" data-element_type=\"container\" data-settings=\"{&quot;background_background&quot;:&quot;classic&quot;}\">\n\t\t<div class=\"elementor-element elementor-element-b8ba2ea e-con-full elementor-hidden-mobile e-flex e-con e-child\" data-id=\"b8ba2ea\" data-element_type=\"container\" data-settings=\"{&quot;background_background&quot;:&quot;classic&quot;}\">\n\t\t\t\t<div class=\"elementor-element elementor-element-b58268a section-tag-banner elementor-widget elementor-widget-heading\" data-id=\"b58268a\" data-element_type=\"widget\" data-widget_type=\"heading.default\">\n\t\t\t\t\t<h3 class=\"elementor-heading-title elementor-size-default\">M\u1ea1ng l\u01b0\u1edbi Ch\u0103m s\u00f3c Tr\u1ef1c ti\u1ebfp cho Ng\u01b0\u1eddi ti\u00eau d\u00f9ng Nevada<\/h3>\t\t\t\t<\/div>\n\t\t\t\t<div class=\"elementor-element elementor-element-fa23afe elementor-widget__width-initial elementor-widget elementor-widget-heading\" data-id=\"fa23afe\" data-element_type=\"widget\" data-widget_type=\"heading.default\">\n\t\t\t\t\t<h1 class=\"elementor-heading-title elementor-size-default\"><mark>Kh\u00f4ng ph\u00e2n bi\u1ec7t \u0111\u1ed1i x\u1eed<\/mark> Tuy\u00ean b\u1ed1<\/h1>\t\t\t\t<\/div>\n\t\t\t\t<\/div>\n\t\t<div class=\"elementor-element elementor-element-748d3e7 elementor-hidden-desktop elementor-hidden-tablet e-flex e-con-boxed e-con e-child\" data-id=\"748d3e7\" data-element_type=\"container\">\n\t\t\t\t\t<div class=\"e-con-inner\">\n\t\t\t\t<div class=\"elementor-element elementor-element-810eb41 section-tag-grey elementor-widget elementor-widget-heading\" data-id=\"810eb41\" data-element_type=\"widget\" data-widget_type=\"heading.default\">\n\t\t\t\t\t<h2 class=\"elementor-heading-title elementor-size-default\">M\u1ea1ng l\u01b0\u1edbi Ch\u0103m s\u00f3c Tr\u1ef1c ti\u1ebfp cho Ng\u01b0\u1eddi ti\u00eau d\u00f9ng Nevada<\/h2>\t\t\t\t<\/div>\n\t\t\t\t<div class=\"elementor-element elementor-element-e945f83 elementor-widget__width-initial elementor-widget elementor-widget-heading\" data-id=\"e945f83\" data-element_type=\"widget\" data-widget_type=\"heading.default\">\n\t\t\t\t\t<h1 class=\"elementor-heading-title elementor-size-default\"><mark>Kh\u00f4ng ph\u00e2n bi\u1ec7t \u0111\u1ed1i x\u1eed<\/mark> Tuy\u00ean b\u1ed1<\/h1>\t\t\t\t<\/div>\n\t\t\t\t<div class=\"elementor-element elementor-element-ed51a30 elementor-widget-mobile__width-inherit elementor-widget elementor-widget-image\" data-id=\"ed51a30\" data-element_type=\"widget\" data-widget_type=\"image.default\">\n\t\t\t\t\t\t\t\t\t\t\t\t\t\t\t<img decoding=\"async\" src=\"https:\/\/www.consumerdirectnv.com\/wp-content\/uploads\/sites\/24\/2025\/12\/expert-in-self-banner-mob.png\" title=\"\" alt=\"\" loading=\"lazy\" \/>\t\t\t\t\t\t\t\t\t\t\t\t\t\t\t<\/div>\n\t\t\t\t\t<\/div>\n\t\t\t\t<\/div>\n\t\t\t\t<\/div>\n\t\t<div class=\"elementor-element elementor-element-03e193f e-flex e-con-boxed e-con e-parent\" data-id=\"03e193f\" data-element_type=\"container\">\n\t\t\t\t\t<div class=\"e-con-inner\">\n\t\t\t\t<div class=\"elementor-element elementor-element-f1985af elementor-widget elementor-widget-text-editor\" data-id=\"f1985af\" data-element_type=\"widget\" data-widget_type=\"text-editor.default\">\n\t\t\t\t\t\t\t\t\t<p>M\u1ea1ng l\u01b0\u1edbi Ch\u0103m s\u00f3c Tr\u1ef1c ti\u1ebfp cho Ng\u01b0\u1eddi ti\u00eau d\u00f9ng Nevada kh\u00f4ng ph\u00e2n bi\u1ec7t \u0111\u1ed1i x\u1eed v\u00e0 kh\u00f4ng cho ph\u00e9p ph\u00e2n bi\u1ec7t \u0111\u1ed1i x\u1eed, bao g\u1ed3m,<br \/>Kh\u00f4ng gi\u1edbi h\u1ea1n, h\u00e0nh vi b\u1eaft n\u1ea1t, l\u1ea1m d\u1ee5ng ho\u1eb7c qu\u1ea5y r\u1ed1i d\u1ef1a tr\u00ean ch\u1ee7ng t\u1ed9c, m\u00e0u da, t\u00f4n gi\u00e1o, ngu\u1ed3n g\u1ed1c qu\u1ed1c gia, d\u00f2ng d\u00f5i, tu\u1ed5i t\u00e1c, gi\u1edbi t\u00ednh, khuy\u1ebft t\u1eadt th\u1ec3 ch\u1ea5t ho\u1eb7c tinh th\u1ea7n, xu h\u01b0\u1edbng t\u00ecnh d\u1ee5c, danh t\u00ednh ho\u1eb7c bi\u1ec3u hi\u1ec7n gi\u1edbi t\u00ednh, ho\u1eb7c t\u00ecnh tr\u1ea1ng HIV, ho\u1eb7c d\u1ef1a tr\u00ean vi\u1ec7c li\u00ean k\u1ebft v\u1edbi m\u1ed9t ng\u01b0\u1eddi kh\u00e1c v\u00ec ch\u1ee7ng t\u1ed9c, m\u00e0u da, t\u00f4n gi\u00e1o, ngu\u1ed3n g\u1ed1c qu\u1ed1c gia, d\u00f2ng d\u00f5i, tu\u1ed5i t\u00e1c, gi\u1edbi t\u00ednh, khuy\u1ebft t\u1eadt th\u1ec3 ch\u1ea5t ho\u1eb7c tinh th\u1ea7n, xu h\u01b0\u1edbng t\u00ecnh d\u1ee5c, danh t\u00ednh ho\u1eb7c bi\u1ec3u hi\u1ec7n gi\u1edbi t\u00ednh, ho\u1eb7c t\u00ecnh tr\u1ea1ng HIV c\u1ee7a ng\u01b0\u1eddi \u0111\u00f3.<\/p><p>B\u1ea5t k\u1ef3 kh\u00e1ch h\u00e0ng n\u00e0o c\u1ee7a M\u1ea1ng l\u01b0\u1edbi Ch\u0103m s\u00f3c Tr\u1ef1c ti\u1ebfp cho Ng\u01b0\u1eddi ti\u00eau d\u00f9ng Nevada (Consumer Direct Care Network Nevada) \u0111\u00e3 tr\u1ea3i qua ph\u00e2n bi\u1ec7t \u0111\u1ed1i x\u1eed c\u00f3 th\u1ec3 n\u1ed9p \u0111\u01a1n khi\u1ebfu n\u1ea1i \u0111\u1ebfn C\u1ee5c Y t\u1ebf C\u00f4ng c\u1ed9ng v\u00e0 T\u00e2m th\u1ea7n Nevada (DPBH). DPBH c\u00f3 th\u1ec3 \u0111\u01b0\u1ee3c li\u00ean h\u1ec7 t\u1ea1i:<\/p><p>C\u1ee5c Y t\u1ebf C\u00f4ng c\u1ed9ng v\u00e0 T\u00e2m th\u1ea7n Nevada<br \/>4150 \u0110\u01b0\u1eddng C\u00f4ng Ngh\u1ec7<br \/>Th\u00e0nh ph\u1ed1 Carson, Nevada 89706<br \/>\u0110\u01b0\u1eddng d\u00e2y ti\u1ebfp nh\u1eadn khi\u1ebfu n\u1ea1i: <a href=\"tel:702-668-3250\">702-668-3250<\/a>.<\/p>\t\t\t\t\t\t\t\t<\/div>\n\t\t\t\t\t<\/div>\n\t\t\t\t<\/div>\n\t\t\t\t<\/div>","protected":false},"excerpt":{"rendered":"<p>Consumer Direct Care Network Nevada does not discriminate and does not permit discrimination, including,without limitation, bullying, abuse or harassment, on the basis of actual or perceived race, color, religion, national origin, ancestry, age, gender, physical or mental disability, sexual orientation, gender identity or expression or HIV status, or based on association with another person on [&hellip;]<\/p>","protected":false},"author":9,"featured_media":0,"parent":0,"menu_order":0,"comment_status":"closed","ping_status":"closed","template":"","meta":{"_acf_changed":false,"footnotes":""},"class_list":["post-2540","page","type-page","status-publish","hentry"],"acf":[],"yoast_head":"<!-- This site is optimized with the Yoast SEO plugin v26.0 - https:\/\/yoast.com\/wordpress\/plugins\/seo\/ -->\n<title>Non Discrimination Statement - Nevada - Consumer Direct Care<\/title>\n<meta name=\"robots\" content=\"index, follow, max-snippet:-1, max-image-preview:large, max-video-preview:-1\" \/>\n<link rel=\"canonical\" href=\"https:\/\/www.consumerdirectnv.com\/vi\/non-discrimination-statement\/\" \/>\n<meta property=\"og:locale\" content=\"vi_VN\" \/>\n<meta property=\"og:type\" content=\"article\" \/>\n<meta property=\"og:title\" content=\"Non Discrimination Statement - Nevada - Consumer Direct Care\" \/>\n<meta property=\"og:description\" content=\"Consumer Direct Care Network Nevada does not discriminate and does not permit discrimination, including,without limitation, bullying, abuse or harassment, on the basis of actual or perceived race, color, religion, national origin, ancestry, age, gender, physical or mental disability, sexual orientation, gender identity or expression or HIV status, or based on association with another person on [&hellip;]\" \/>\n<meta property=\"og:url\" content=\"https:\/\/www.consumerdirectnv.com\/vi\/non-discrimination-statement\/\" \/>\n<meta property=\"og:site_name\" content=\"Nevada - Consumer Direct Care\" \/>\n<meta property=\"article:modified_time\" content=\"2026-01-20T09:05:25+00:00\" \/>\n<meta name=\"twitter:card\" content=\"summary_large_image\" \/>\n<meta name=\"twitter:label1\" content=\"\u01af\u1edbc t\u00ednh th\u1eddi gian \u0111\u1ecdc\" \/>\n\t<meta name=\"twitter:data1\" content=\"1 ph\u00fat\" \/>\n<script type=\"application\/ld+json\" class=\"yoast-schema-graph\">{\"@context\":\"https:\/\/schema.org\",\"@graph\":[{\"@type\":\"WebPage\",\"@id\":\"https:\/\/www.consumerdirectnv.com\/non-discrimination-statement\/\",\"url\":\"https:\/\/www.consumerdirectnv.com\/non-discrimination-statement\/\",\"name\":\"Non Discrimination Statement - Nevada - Consumer Direct Care\",\"isPartOf\":{\"@id\":\"https:\/\/www.consumerdirectnv.com\/#website\"},\"datePublished\":\"2026-01-09T13:47:26+00:00\",\"dateModified\":\"2026-01-20T09:05:25+00:00\",\"breadcrumb\":{\"@id\":\"https:\/\/www.consumerdirectnv.com\/non-discrimination-statement\/#breadcrumb\"},\"inLanguage\":\"vi\",\"potentialAction\":[{\"@type\":\"ReadAction\",\"target\":[\"https:\/\/www.consumerdirectnv.com\/non-discrimination-statement\/\"]}]},{\"@type\":\"BreadcrumbList\",\"@id\":\"https:\/\/www.consumerdirectnv.com\/non-discrimination-statement\/#breadcrumb\",\"itemListElement\":[{\"@type\":\"ListItem\",\"position\":1,\"name\":\"Home\",\"item\":\"https:\/\/www.consumerdirectnv.com\/\"},{\"@type\":\"ListItem\",\"position\":2,\"name\":\"Non Discrimination Statement\"}]},{\"@type\":\"WebSite\",\"@id\":\"https:\/\/www.consumerdirectnv.com\/#website\",\"url\":\"https:\/\/www.consumerdirectnv.com\/\",\"name\":\"Nevada - Consumer Direct Care\",\"description\":\"\",\"publisher\":{\"@id\":\"https:\/\/www.consumerdirectnv.com\/#organization\"},\"potentialAction\":[{\"@type\":\"SearchAction\",\"target\":{\"@type\":\"EntryPoint\",\"urlTemplate\":\"https:\/\/www.consumerdirectnv.com\/?s={search_term_string}\"},\"query-input\":{\"@type\":\"PropertyValueSpecification\",\"valueRequired\":true,\"valueName\":\"search_term_string\"}}],\"inLanguage\":\"vi\"},{\"@type\":\"Organization\",\"@id\":\"https:\/\/www.consumerdirectnv.com\/#organization\",\"name\":\"Nevada - Consumer Direct Care\",\"url\":\"https:\/\/www.consumerdirectnv.com\/\",\"logo\":{\"@type\":\"ImageObject\",\"inLanguage\":\"vi\",\"@id\":\"https:\/\/www.consumerdirectnv.com\/#\/schema\/logo\/image\/\",\"url\":\"https:\/\/www.consumerdirectnv.com\/wp-content\/uploads\/sites\/24\/2025\/12\/Nevada-logo.png\",\"contentUrl\":\"https:\/\/www.consumerdirectnv.com\/wp-content\/uploads\/sites\/24\/2025\/12\/Nevada-logo.png\",\"width\":158,\"height\":48,\"caption\":\"Nevada - Consumer Direct Care\"},\"image\":{\"@id\":\"https:\/\/www.consumerdirectnv.com\/#\/schema\/logo\/image\/\"}}]}<\/script>\n<!-- \/ Yoast SEO plugin. -->","yoast_head_json":{"title":"Non Discrimination Statement - Nevada - Consumer Direct Care","robots":{"index":"index","follow":"follow","max-snippet":"max-snippet:-1","max-image-preview":"max-image-preview:large","max-video-preview":"max-video-preview:-1"},"canonical":"https:\/\/www.consumerdirectnv.com\/vi\/non-discrimination-statement\/","og_locale":"vi_VN","og_type":"article","og_title":"Non Discrimination Statement - Nevada - Consumer Direct Care","og_description":"Consumer Direct Care Network Nevada does not discriminate and does not permit discrimination, including,without limitation, bullying, abuse or harassment, on the basis of actual or perceived race, color, religion, national origin, ancestry, age, gender, physical or mental disability, sexual orientation, gender identity or expression or HIV status, or based on association with another person on [&hellip;]","og_url":"https:\/\/www.consumerdirectnv.com\/vi\/non-discrimination-statement\/","og_site_name":"Nevada - Consumer Direct Care","article_modified_time":"2026-01-20T09:05:25+00:00","twitter_card":"summary_large_image","twitter_misc":{"\u01af\u1edbc t\u00ednh th\u1eddi gian \u0111\u1ecdc":"1 ph\u00fat"},"schema":{"@context":"https:\/\/schema.org","@graph":[{"@type":"WebPage","@id":"https:\/\/www.consumerdirectnv.com\/non-discrimination-statement\/","url":"https:\/\/www.consumerdirectnv.com\/non-discrimination-statement\/","name":"Non Discrimination Statement - Nevada - Consumer Direct Care","isPartOf":{"@id":"https:\/\/www.consumerdirectnv.com\/#website"},"datePublished":"2026-01-09T13:47:26+00:00","dateModified":"2026-01-20T09:05:25+00:00","breadcrumb":{"@id":"https:\/\/www.consumerdirectnv.com\/non-discrimination-statement\/#breadcrumb"},"inLanguage":"vi","potentialAction":[{"@type":"ReadAction","target":["https:\/\/www.consumerdirectnv.com\/non-discrimination-statement\/"]}]},{"@type":"BreadcrumbList","@id":"https:\/\/www.consumerdirectnv.com\/non-discrimination-statement\/#breadcrumb","itemListElement":[{"@type":"ListItem","position":1,"name":"Home","item":"https:\/\/www.consumerdirectnv.com\/"},{"@type":"ListItem","position":2,"name":"Non Discrimination Statement"}]},{"@type":"WebSite","@id":"https:\/\/www.consumerdirectnv.com\/#website","url":"https:\/\/www.consumerdirectnv.com\/","name":"Nevada - Ch\u0103m s\u00f3c tr\u1ef1c ti\u1ebfp ng\u01b0\u1eddi ti\u00eau d\u00f9ng","description":"","publisher":{"@id":"https:\/\/www.consumerdirectnv.com\/#organization"},"potentialAction":[{"@type":"SearchAction","target":{"@type":"EntryPoint","urlTemplate":"https:\/\/www.consumerdirectnv.com\/?s={search_term_string}"},"query-input":{"@type":"PropertyValueSpecification","valueRequired":true,"valueName":"search_term_string"}}],"inLanguage":"vi"},{"@type":"Organization","@id":"https:\/\/www.consumerdirectnv.com\/#organization","name":"Nevada - Ch\u0103m s\u00f3c tr\u1ef1c ti\u1ebfp ng\u01b0\u1eddi ti\u00eau d\u00f9ng","url":"https:\/\/www.consumerdirectnv.com\/","logo":{"@type":"ImageObject","inLanguage":"vi","@id":"https:\/\/www.consumerdirectnv.com\/#\/schema\/logo\/image\/","url":"https:\/\/www.consumerdirectnv.com\/wp-content\/uploads\/sites\/24\/2025\/12\/Nevada-logo.png","contentUrl":"https:\/\/www.consumerdirectnv.com\/wp-content\/uploads\/sites\/24\/2025\/12\/Nevada-logo.png","width":158,"height":48,"caption":"Nevada - Consumer Direct Care"},"image":{"@id":"https:\/\/www.consumerdirectnv.com\/#\/schema\/logo\/image\/"}}]}},"_links":{"self":[{"href":"https:\/\/www.consumerdirectnv.com\/vi\/wp-json\/wp\/v2\/pages\/2540","targetHints":{"allow":["GET"]}}],"collection":[{"href":"https:\/\/www.consumerdirectnv.com\/vi\/wp-json\/wp\/v2\/pages"}],"about":[{"href":"https:\/\/www.consumerdirectnv.com\/vi\/wp-json\/wp\/v2\/types\/page"}],"author":[{"embeddable":true,"href":"https:\/\/www.consumerdirectnv.com\/vi\/wp-json\/wp\/v2\/users\/9"}],"replies":[{"embeddable":true,"href":"https:\/\/www.consumerdirectnv.com\/vi\/wp-json\/wp\/v2\/comments?post=2540"}],"version-history":[{"count":14,"href":"https:\/\/www.consumerdirectnv.com\/vi\/wp-json\/wp\/v2\/pages\/2540\/revisions"}],"predecessor-version":[{"id":2807,"href":"https:\/\/www.consumerdirectnv.com\/vi\/wp-json\/wp\/v2\/pages\/2540\/revisions\/2807"}],"wp:attachment":[{"href":"https:\/\/www.consumerdirectnv.com\/vi\/wp-json\/wp\/v2\/media?parent=2540"}],"curies":[{"name":"wp","href":"https:\/\/api.w.org\/{rel}","templated":true}]}}