{"id":178,"date":"2025-12-03T04:41:31","date_gmt":"2025-12-03T04:41:31","guid":{"rendered":"https:\/\/staging-prod-nv.cdcndevelopment.com\/caregiving-services\/"},"modified":"2026-03-10T06:23:10","modified_gmt":"2026-03-10T06:23:10","slug":"traditional-agency-based-services","status":"publish","type":"page","link":"https:\/\/www.consumerdirectnv.com\/vi\/services\/traditional-agency-based-services\/","title":{"rendered":"D\u1ecbch v\u1ee5 d\u1ef1a tr\u00ean m\u00f4 h\u00ecnh \u0111\u1ea1i l\u00fd truy\u1ec1n th\u1ed1ng"},"content":{"rendered":"<div data-elementor-type=\"wp-page\" data-elementor-id=\"178\" class=\"elementor elementor-178\" data-elementor-post-type=\"page\">\n\t\t\t\t<div class=\"elementor-element elementor-element-3490baa e-con-full e-flex e-con e-parent\" data-id=\"3490baa\" data-element_type=\"container\" data-settings=\"{&quot;background_background&quot;:&quot;classic&quot;}\">\n\t\t<div class=\"elementor-element elementor-element-e727e50 e-con-full e-flex e-con e-child\" data-id=\"e727e50\" data-element_type=\"container\">\n\t\t<div class=\"elementor-element elementor-element-63936f8 e-con-full e-flex e-con e-child\" data-id=\"63936f8\" data-element_type=\"container\" id=\"intro\">\n\t\t\t\t<div class=\"elementor-element elementor-element-2047cb4 section-tag-white elementor-widget elementor-widget-heading\" data-id=\"2047cb4\" data-element_type=\"widget\" data-widget_type=\"heading.default\">\n\t\t\t\t\t<h2 class=\"elementor-heading-title elementor-size-default\">D\u1ecbch v\u1ee5 d\u1ef1a tr\u00ean m\u00f4 h\u00ecnh \u0111\u1ea1i l\u00fd truy\u1ec1n th\u1ed1ng<\/h2>\t\t\t\t<\/div>\n\t\t<div class=\"elementor-element elementor-element-3ffeb0f e-con-full e-flex e-con e-child\" data-id=\"3ffeb0f\" data-element_type=\"container\">\n\t\t<div class=\"elementor-element elementor-element-505b8c9 e-con-full e-flex e-con e-child\" data-id=\"505b8c9\" data-element_type=\"container\">\n\t\t\t\t<div class=\"elementor-element elementor-element-c7bc1f5 elementor-widget elementor-widget-heading\" data-id=\"c7bc1f5\" data-element_type=\"widget\" data-widget_type=\"heading.default\">\n\t\t\t\t\t<h3 class=\"elementor-heading-title elementor-size-default\">Ch\u00fang t\u00f4i h\u1ee3p t\u00e1c v\u1edbi b\u1ea1n \u0111\u1ec3 cung c\u1ea5p d\u1ecbch v\u1ee5 ch\u0103m s\u00f3c y t\u1ebf c\u1ea7n thi\u1ebft t\u1ea1i nh\u00e0.<\/h3>\t\t\t\t<\/div>\n\t\t\t\t<\/div>\n\t\t<div class=\"elementor-element elementor-element-dc84f49 e-con-full e-flex e-con e-child\" data-id=\"dc84f49\" data-element_type=\"container\">\n\t\t\t\t<div class=\"elementor-element elementor-element-e549dbf elementor-widget elementor-widget-text-editor\" data-id=\"e549dbf\" data-element_type=\"widget\" data-widget_type=\"text-editor.default\">\n\t\t\t\t\t\t\t\t\t<p>D\u1ecbch v\u1ee5 d\u1ef1a tr\u00ean c\u01a1 quan truy\u1ec1n th\u1ed1ng l\u00e0 m\u1ed9t l\u1ef1a ch\u1ecdn cho b\u1ea1n ho\u1eb7c ng\u01b0\u1eddi th\u00e2n c\u1ee7a b\u1ea1n n\u1ebfu b\u1ea1n mu\u1ed1n M\u1ea1ng l\u01b0\u1edbi Ch\u0103m s\u00f3c Tr\u1ef1c ti\u1ebfp cho Ng\u01b0\u1eddi ti\u00eau d\u00f9ng Nevada (CDNV) t\u00ecm ki\u1ebfm v\u00e0 s\u1eafp x\u1ebfp ng\u01b0\u1eddi ch\u0103m s\u00f3c cho b\u1ea1n.<\/p>\n<p>B\u1ea1n s\u1ebd h\u1ee3p t\u00e1c v\u1edbi ch\u00fang t\u00f4i \u0111\u1ec3 l\u1eadp k\u1ebf ho\u1ea1ch ch\u0103m s\u00f3c v\u00e0 quy\u1ebft \u0111\u1ecbnh l\u1ecbch tr\u00ecnh c\u1ee7a ng\u01b0\u1eddi ch\u0103m s\u00f3c.<\/p>\n<p>CDNV ch\u1ecbu tr\u00e1ch nhi\u1ec7m l\u1eadp l\u1ecbch l\u00e0m vi\u1ec7c cho nh\u00e2n vi\u00ean ch\u0103m s\u00f3c v\u00e0 t\u1ea5t c\u1ea3 c\u00e1c nhi\u1ec7m v\u1ee5 li\u00ean quan \u0111\u1ebfn vi\u1ec7c tuy\u1ec3n d\u1ee5ng, bao g\u1ed3m tuy\u1ec3n d\u1ee5ng, \u0111\u00e0o t\u1ea1o v\u00e0 gi\u00e1m s\u00e1t, c\u0169ng nh\u01b0 t\u1ea5t c\u1ea3 c\u00e1c nhi\u1ec7m v\u1ee5 li\u00ean quan \u0111\u1ebfn ti\u1ec1n l\u01b0\u01a1ng.<\/p>\n\t\t\t\t\t\t\t\t<\/div>\n\t\t\t\t<\/div>\n\t\t\t\t<\/div>\n\t\t\t\t<div class=\"elementor-element elementor-element-643e74b elementor-hidden-mobile elementor-widget elementor-widget-image\" data-id=\"643e74b\" data-element_type=\"widget\" data-widget_type=\"image.default\">\n\t\t\t\t\t\t\t\t\t\t\t\t\t\t\t<img decoding=\"async\" src=\"https:\/\/www.consumerdirectnv.com\/wp-content\/uploads\/sites\/24\/2025\/12\/HCBS-Hero-Image-Desktop.png\" title=\"\" alt=\"\" loading=\"lazy\" \/>\t\t\t\t\t\t\t\t\t\t\t\t\t\t\t<\/div>\n\t\t\t\t<div class=\"elementor-element elementor-element-c802229 elementor-hidden-desktop elementor-hidden-tablet elementor-widget elementor-widget-image\" data-id=\"c802229\" data-element_type=\"widget\" data-widget_type=\"image.default\">\n\t\t\t\t\t\t\t\t\t\t\t\t\t\t\t<img decoding=\"async\" src=\"https:\/\/www.consumerdirectnv.com\/wp-content\/uploads\/sites\/24\/2025\/12\/HCBS-Hero-Image-Mobile.png\" title=\"\" alt=\"\" loading=\"lazy\" \/>\t\t\t\t\t\t\t\t\t\t\t\t\t\t\t<\/div>\n\t\t\t\t<\/div>\n\t\t\t\t<\/div>\n\t\t\t\t<\/div>\n\t\t<div class=\"elementor-element elementor-element-2177bcbc e-con-full e-flex e-con e-parent\" data-id=\"2177bcbc\" data-element_type=\"container\" data-settings=\"{&quot;background_background&quot;:&quot;classic&quot;}\">\n\t\t<div class=\"elementor-element elementor-element-7c22b6af e-con-full e-flex e-con e-child\" data-id=\"7c22b6af\" data-element_type=\"container\">\n\t\t<div class=\"elementor-element elementor-element-183e1cdd e-con-full e-flex e-con e-child\" data-id=\"183e1cdd\" data-element_type=\"container\" data-settings=\"{&quot;background_background&quot;:&quot;classic&quot;}\">\n\t\t\t\t<div class=\"elementor-element elementor-element-3ade519c elementor-widget elementor-widget-image\" data-id=\"3ade519c\" data-element_type=\"widget\" data-widget_type=\"image.default\">\n\t\t\t\t\t\t\t\t\t\t\t\t\t\t\t\t<a href=\"https:\/\/www.consumerdirectnv.com\/vi\/services\/private-pay\/\">\n\t\t\t\t\t\t\t<img decoding=\"async\" width=\"56\" height=\"56\" src=\"https:\/\/www.consumerdirectnv.com\/wp-content\/uploads\/sites\/24\/2025\/12\/Pagination-Previous.svg\" class=\"attachment-large size-large wp-image-1053\" alt=\"Previous Service\" \/>\t\t\t\t\t\t\t\t<\/a>\n\t\t\t\t\t\t\t\t\t\t\t\t\t\t\t<\/div>\n\t\t<div class=\"elementor-element elementor-element-60e18c9a e-con-full e-flex e-con e-child\" data-id=\"60e18c9a\" data-element_type=\"container\">\n\t\t\t\t<div class=\"elementor-element elementor-element-1a076fc6 elementor-widget elementor-widget-heading\" data-id=\"1a076fc6\" data-element_type=\"widget\" data-widget_type=\"heading.default\">\n\t\t\t\t\t<p class=\"elementor-heading-title elementor-size-default\">D\u1ecbch v\u1ee5 tr\u01b0\u1edbc \u0111\u00e2y<\/p>\t\t\t\t<\/div>\n\t\t\t\t<div class=\"elementor-element elementor-element-273455f5 elementor-widget elementor-widget-heading\" data-id=\"273455f5\" data-element_type=\"widget\" data-widget_type=\"heading.default\">\n\t\t\t\t\t<h5 class=\"elementor-heading-title elementor-size-default\"><a href=\"https:\/\/www.consumerdirectnv.com\/vi\/services\/private-pay\/\">D\u1ecbch v\u1ee5 thanh to\u00e1n tr\u1ef1c ti\u1ebfp<\/a><\/h5>\t\t\t\t<\/div>\n\t\t\t\t<\/div>\n\t\t\t\t<\/div>\n\t\t<div class=\"elementor-element elementor-element-4326e4b7 e-con-full e-flex e-con e-child\" data-id=\"4326e4b7\" data-element_type=\"container\" data-settings=\"{&quot;background_background&quot;:&quot;classic&quot;}\">\n\t\t<div class=\"elementor-element elementor-element-21a97f6a e-con-full e-flex e-con e-child\" data-id=\"21a97f6a\" data-element_type=\"container\">\n\t\t\t\t<div class=\"elementor-element elementor-element-6688eb91 elementor-widget elementor-widget-heading\" data-id=\"6688eb91\" data-element_type=\"widget\" data-widget_type=\"heading.default\">\n\t\t\t\t\t<p class=\"elementor-heading-title elementor-size-default\">D\u1ecbch v\u1ee5 ti\u1ebfp theo<\/p>\t\t\t\t<\/div>\n\t\t\t\t<div class=\"elementor-element elementor-element-52c4ec20 elementor-widget elementor-widget-heading\" data-id=\"52c4ec20\" data-element_type=\"widget\" data-widget_type=\"heading.default\">\n\t\t\t\t\t<h5 class=\"elementor-heading-title elementor-size-default\"><a href=\"https:\/\/www.consumerdirectnv.com\/vi\/services\/self-directed-personal-care-services\/\">D\u1ecbch v\u1ee5 ch\u0103m s\u00f3c c\u00e1 nh\u00e2n t\u1ef1 qu\u1ea3n l\u00fd<\/a><\/h5>\t\t\t\t<\/div>\n\t\t\t\t<\/div>\n\t\t\t\t<div class=\"elementor-element elementor-element-628669bd elementor-widget elementor-widget-image\" data-id=\"628669bd\" data-element_type=\"widget\" data-widget_type=\"image.default\">\n\t\t\t\t\t\t\t\t\t\t\t\t\t\t\t\t<a href=\"https:\/\/www.consumerdirectnv.com\/vi\/services\/self-directed-personal-care-services\/\">\n\t\t\t\t\t\t\t<img decoding=\"async\" width=\"56\" height=\"56\" src=\"https:\/\/www.consumerdirectnv.com\/wp-content\/uploads\/sites\/24\/2025\/12\/Pagination-Next.svg\" class=\"attachment-large size-large wp-image-1052\" alt=\"Next Service\" \/>\t\t\t\t\t\t\t\t<\/a>\n\t\t\t\t\t\t\t\t\t\t\t\t\t\t\t<\/div>\n\t\t\t\t<\/div>\n\t\t\t\t<\/div>\n\t\t\t\t<\/div>\n\t\t<div class=\"elementor-element elementor-element-fb65a35 e-con-full e-flex e-con e-parent\" data-id=\"fb65a35\" data-element_type=\"container\" id=\"our-locations\" data-settings=\"{&quot;background_background&quot;:&quot;classic&quot;}\">\n\t\t<div class=\"elementor-element elementor-element-04f3df1 e-flex e-con-boxed e-con e-child\" data-id=\"04f3df1\" data-element_type=\"container\">\n\t\t\t\t\t<div class=\"e-con-inner\">\n\t\t\t\t<div class=\"elementor-element elementor-element-7618951 section-tag-grey elementor-widget elementor-widget-heading\" data-id=\"7618951\" data-element_type=\"widget\" data-widget_type=\"heading.default\">\n\t\t\t\t\t<h2 class=\"elementor-heading-title elementor-size-default\">C\u00e1c v\u0103n ph\u00f2ng t\u1ea1i Nevada<\/h2>\t\t\t\t<\/div>\n\t\t\t\t<div class=\"elementor-element elementor-element-6686565 elementor-widget__width-inherit elementor-widget-mobile__width-inherit elementor-widget elementor-widget-heading\" data-id=\"6686565\" data-element_type=\"widget\" data-widget_type=\"heading.default\">\n\t\t\t\t\t<h5 class=\"elementor-heading-title elementor-size-default\">Ch\u00fang t\u00f4i cung c\u1ea5p d\u1ecbch v\u1ee5 ch\u0103m s\u00f3c t\u1ea1i nh\u00e0 tr\u00ean to\u00e0n bang Nevada. V\u0103n ph\u00f2ng \u0111\u1ecba ph\u01b0\u01a1ng c\u1ee7a ch\u00fang t\u00f4i \u0111\u01b0\u1ee3c \u0111i\u1ec1u h\u00e0nh b\u1edfi c\u00e1c th\u00e0nh vi\u00ean trong c\u1ed9ng \u0111\u1ed3ng, nh\u1eefng ng\u01b0\u1eddi cam k\u1ebft h\u1ed7 tr\u1ee3 b\u1ea1n trong vi\u1ec7c qu\u1ea3n l\u00fd qu\u00e1 tr\u00ecnh ch\u0103m s\u00f3c c\u1ee7a m\u00ecnh.<\/h5>\t\t\t\t<\/div>\n\t\t\t\t<div class=\"elementor-element elementor-element-65d58a4 elementor-pagination-type-progressbar location-carousel trp-no-translate elementor-arrows-position-inside elementor-widget elementor-widget-n-carousel\" data-id=\"65d58a4\" data-element_type=\"widget\" data-settings=\"{&quot;carousel_items&quot;:[{&quot;slide_title&quot;:&quot;Slide #1&quot;,&quot;_id&quot;:&quot;72ad4c3&quot;},{&quot;slide_title&quot;:&quot;Slide #1&quot;,&quot;_id&quot;:&quot;a850e7c&quot;}],&quot;slides_to_show&quot;:&quot;2&quot;,&quot;slides_to_scroll_mobile&quot;:&quot;1&quot;,&quot;offset_sides&quot;:&quot;right&quot;,&quot;offset_width&quot;:{&quot;unit&quot;:&quot;px&quot;,&quot;size&quot;:&quot;0&quot;,&quot;sizes&quot;:[]},&quot;offset_width_tablet&quot;:{&quot;unit&quot;:&quot;px&quot;,&quot;size&quot;:&quot;0&quot;,&quot;sizes&quot;:[]},&quot;offset_width_mobile&quot;:{&quot;unit&quot;:&quot;px&quot;,&quot;size&quot;:&quot;137&quot;,&quot;sizes&quot;:[]},&quot;pagination&quot;:&quot;progressbar&quot;,&quot;image_spacing_custom&quot;:{&quot;unit&quot;:&quot;px&quot;,&quot;size&quot;:&quot;24&quot;,&quot;sizes&quot;:[]},&quot;image_spacing_custom_mobile&quot;:{&quot;unit&quot;:&quot;px&quot;,&quot;size&quot;:&quot;16&quot;,&quot;sizes&quot;:[]},&quot;slides_to_show_tablet&quot;:&quot;3&quot;,&quot;slides_to_show_mobile&quot;:&quot;1&quot;,&quot;infinite&quot;:&quot;yes&quot;,&quot;speed&quot;:500,&quot;arrows&quot;:&quot;yes&quot;,&quot;image_spacing_custom_tablet&quot;:{&quot;unit&quot;:&quot;px&quot;,&quot;size&quot;:&quot;&quot;,&quot;sizes&quot;:[]}}\" data-widget_type=\"nested-carousel.default\" data-no-translation=\"\">\n\t\t\t\t\t\t\t<div class=\"e-n-carousel swiper\" role=\"region\" aria-roledescription=\"carousel\" aria-label=\"Carousel\" dir=\"ltr\">\n\t\t\t<div class=\"swiper-wrapper\" aria-live=\"polite\">\n\t\t\t\t\t\t\t\t\t\t<div class=\"swiper-slide\" data-slide=\"1\" role=\"group\" aria-roledescription=\"slide\" aria-label=\"1 de 2\" data-no-translation-aria-label=\"\">\n\t\t\t\t\t\t\t<div class=\"elementor-element elementor-element-ee0cb7d e-con-full e-flex e-con e-child\" data-id=\"ee0cb7d\" data-element_type=\"container\">\n\t\t<a class=\"elementor-element elementor-element-9a483c2 e-con-full e-flex e-con e-child\" data-id=\"9a483c2\" data-element_type=\"container\" data-settings=\"{&quot;background_background&quot;:&quot;classic&quot;}\" href=\"https:\/\/www.consumerdirectnv.com\/vi\/locations\/\" target=\"_blank\">\n\t\t<div class=\"elementor-element elementor-element-ed54e73 e-con-full e-flex e-con e-child\" data-id=\"ed54e73\" data-element_type=\"container\" data-settings=\"{&quot;background_background&quot;:&quot;classic&quot;}\">\n\t\t\t\t<div class=\"elementor-element elementor-element-87c807e elementor-widget elementor-widget-heading\" data-id=\"87c807e\" data-element_type=\"widget\" data-widget_type=\"heading.default\">\n\t\t\t\t\t<h4 class=\"elementor-heading-title elementor-size-default\">Las Vegas<\/h4>\t\t\t\t<\/div>\n\t\t\t\t<\/div>\n\t\t\t\t<\/a>\n\t\t\t\t<\/div>\n\t\t\t\t\t\t\t\t<\/div>\n\t\t\t\t\t\t\t\t\t\t\t<div class=\"swiper-slide\" data-slide=\"2\" role=\"group\" aria-roledescription=\"slide\" aria-label=\"2 de 2\" data-no-translation-aria-label=\"\">\n\t\t\t\t\t\t\t<div class=\"elementor-element elementor-element-8dc54bc e-con-full e-flex e-con e-child\" data-id=\"8dc54bc\" data-element_type=\"container\">\n\t\t<a class=\"elementor-element elementor-element-f1f35bf e-con-full e-flex e-con e-child\" data-id=\"f1f35bf\" data-element_type=\"container\" data-settings=\"{&quot;background_background&quot;:&quot;classic&quot;}\" href=\"https:\/\/www.consumerdirectnv.com\/vi\/locations\/\" target=\"_blank\">\n\t\t<div class=\"elementor-element elementor-element-4f0b4e6 e-con-full e-flex e-con e-child\" data-id=\"4f0b4e6\" data-element_type=\"container\" data-settings=\"{&quot;background_background&quot;:&quot;classic&quot;}\">\n\t\t\t\t<div class=\"elementor-element elementor-element-a930ee2 elementor-widget elementor-widget-heading\" data-id=\"a930ee2\" data-element_type=\"widget\" data-widget_type=\"heading.default\">\n\t\t\t\t\t<h4 class=\"elementor-heading-title elementor-size-default\">Reno<\/h4>\t\t\t\t<\/div>\n\t\t\t\t<\/div>\n\t\t\t\t<\/a>\n\t\t\t\t<\/div>\n\t\t\t\t\t\t\t\t<\/div>\n\t\t\t\t\t\t\t\t<\/div>\n\t\t<\/div>\n\t\t\t\t\t<div class=\"elementor-swiper-button elementor-swiper-button-prev\" role=\"button\" tabindex=\"0\" aria-label=\"Anterior\" data-no-translation-aria-label=\"\">\n\t\t\t\t\t\t\t<\/div>\n\t\t\t<div class=\"elementor-swiper-button elementor-swiper-button-next\" role=\"button\" tabindex=\"0\" aria-label=\"Siguiente\" data-no-translation-aria-label=\"\">\n\t\t\t\t\t\t\t<\/div>\n\t\t\t\t\t<div class=\"swiper-pagination\"><\/div>\n\t\t\t\t\t\t<\/div>\n\t\t\t\t\t<\/div>\n\t\t\t\t<\/div>\n\t\t\t\t<\/div>\n\t\t<div class=\"elementor-element elementor-element-1ed712e e-flex e-con-boxed e-con e-parent\" data-id=\"1ed712e\" data-element_type=\"container\" data-settings=\"{&quot;background_background&quot;:&quot;classic&quot;}\">\n\t\t\t\t\t<div class=\"e-con-inner\">\n\t\t<div class=\"elementor-element elementor-element-ba79244 e-con-full e-flex e-con e-child\" data-id=\"ba79244\" data-element_type=\"container\" data-settings=\"{&quot;background_background&quot;:&quot;classic&quot;}\">\n\t\t\t\t<div class=\"elementor-element elementor-element-0b6ef75 elementor-widget__width-inherit elementor-widget elementor-widget-heading\" data-id=\"0b6ef75\" data-element_type=\"widget\" data-widget_type=\"heading.default\">\n\t\t\t\t\t<h3 class=\"elementor-heading-title elementor-size-default\">C\u00f3 th\u00eam c\u00e2u h\u1ecfi?<\/h3>\t\t\t\t<\/div>\n\t\t\t\t<div class=\"elementor-element elementor-element-fb00469 elementor-mobile-align-justify elementor-widget-mobile__width-initial primary-light elementor-widget elementor-widget-button\" data-id=\"fb00469\" data-element_type=\"widget\" data-widget_type=\"button.default\">\n\t\t\t\t\t\t\t\t\t\t<a class=\"elementor-button elementor-button-link elementor-size-sm\" href=\"\/vi\/contact\/\">\n\t\t\t\t\t\t<span class=\"elementor-button-content-wrapper\">\n\t\t\t\t\t\t\t\t\t<span class=\"elementor-button-text\">Li\u00ean h\u1ec7 v\u1edbi ch\u00fang t\u00f4i<\/span>\n\t\t\t\t\t<\/span>\n\t\t\t\t\t<\/a>\n\t\t\t\t\t\t\t\t<\/div>\n\t\t\t\t<\/div>\n\t\t\t\t\t<\/div>\n\t\t\t\t<\/div>\n\t\t\t\t<\/div>","protected":false},"excerpt":{"rendered":"<p>Previous Service Private Pay Services Next Service Self-Directed Personal Care Services Have more questions? Contact Us<\/p>","protected":false},"author":1,"featured_media":0,"parent":212,"menu_order":0,"comment_status":"closed","ping_status":"closed","template":"","meta":{"_acf_changed":false,"footnotes":""},"class_list":["post-178","page","type-page","status-publish","hentry"],"acf":[],"yoast_head":"<!-- This site is optimized with the Yoast SEO plugin v26.0 - https:\/\/yoast.com\/wordpress\/plugins\/seo\/ -->\n<title>Traditional Agency Based Services - Nevada - Consumer Direct Care<\/title>\n<meta name=\"robots\" content=\"index, follow, max-snippet:-1, max-image-preview:large, max-video-preview:-1\" \/>\n<link rel=\"canonical\" href=\"https:\/\/www.consumerdirectnv.com\/vi\/services\/traditional-agency-based-services\/\" \/>\n<meta property=\"og:locale\" content=\"vi_VN\" \/>\n<meta property=\"og:type\" content=\"article\" \/>\n<meta property=\"og:title\" content=\"Traditional Agency Based Services - Nevada - Consumer Direct Care\" \/>\n<meta property=\"og:description\" content=\"Previous Service Private Pay Services Next Service Self-Directed Personal Care Services Have more questions? Contact Us\" \/>\n<meta property=\"og:url\" content=\"https:\/\/www.consumerdirectnv.com\/vi\/services\/traditional-agency-based-services\/\" \/>\n<meta property=\"og:site_name\" content=\"Nevada - Consumer Direct Care\" \/>\n<meta property=\"article:modified_time\" content=\"2026-03-10T06:23:10+00:00\" \/>\n<meta name=\"twitter:card\" content=\"summary_large_image\" \/>\n<meta name=\"twitter:label1\" content=\"\u01af\u1edbc t\u00ednh th\u1eddi gian \u0111\u1ecdc\" \/>\n\t<meta name=\"twitter:data1\" content=\"1 ph\u00fat\" \/>\n<script type=\"application\/ld+json\" class=\"yoast-schema-graph\">{\"@context\":\"https:\/\/schema.org\",\"@graph\":[{\"@type\":\"WebPage\",\"@id\":\"https:\/\/www.consumerdirectnv.com\/services\/traditional-agency-based-services\/\",\"url\":\"https:\/\/www.consumerdirectnv.com\/services\/traditional-agency-based-services\/\",\"name\":\"Traditional Agency Based Services - Nevada - Consumer Direct Care\",\"isPartOf\":{\"@id\":\"https:\/\/www.consumerdirectnv.com\/#website\"},\"primaryImageOfPage\":{\"@id\":\"https:\/\/www.consumerdirectnv.com\/services\/traditional-agency-based-services\/#primaryimage\"},\"image\":{\"@id\":\"https:\/\/www.consumerdirectnv.com\/services\/traditional-agency-based-services\/#primaryimage\"},\"thumbnailUrl\":\"https:\/\/www.consumerdirectnv.com\/wp-content\/uploads\/sites\/24\/2025\/12\/Pagination-Previous.svg\",\"datePublished\":\"2025-12-03T04:41:31+00:00\",\"dateModified\":\"2026-03-10T06:23:10+00:00\",\"breadcrumb\":{\"@id\":\"https:\/\/www.consumerdirectnv.com\/services\/traditional-agency-based-services\/#breadcrumb\"},\"inLanguage\":\"vi\",\"potentialAction\":[{\"@type\":\"ReadAction\",\"target\":[\"https:\/\/www.consumerdirectnv.com\/services\/traditional-agency-based-services\/\"]}]},{\"@type\":\"ImageObject\",\"inLanguage\":\"vi\",\"@id\":\"https:\/\/www.consumerdirectnv.com\/services\/traditional-agency-based-services\/#primaryimage\",\"url\":\"https:\/\/www.consumerdirectnv.com\/wp-content\/uploads\/sites\/24\/2025\/12\/Pagination-Previous.svg\",\"contentUrl\":\"https:\/\/www.consumerdirectnv.com\/wp-content\/uploads\/sites\/24\/2025\/12\/Pagination-Previous.svg\"},{\"@type\":\"BreadcrumbList\",\"@id\":\"https:\/\/www.consumerdirectnv.com\/services\/traditional-agency-based-services\/#breadcrumb\",\"itemListElement\":[{\"@type\":\"ListItem\",\"position\":1,\"name\":\"Home\",\"item\":\"https:\/\/www.consumerdirectnv.com\/\"},{\"@type\":\"ListItem\",\"position\":2,\"name\":\"Services\",\"item\":\"https:\/\/www.consumerdirectnv.com\/services\/\"},{\"@type\":\"ListItem\",\"position\":3,\"name\":\"Traditional Agency Based Services\"}]},{\"@type\":\"WebSite\",\"@id\":\"https:\/\/www.consumerdirectnv.com\/#website\",\"url\":\"https:\/\/www.consumerdirectnv.com\/\",\"name\":\"Nevada - Consumer Direct Care\",\"description\":\"\",\"publisher\":{\"@id\":\"https:\/\/www.consumerdirectnv.com\/#organization\"},\"potentialAction\":[{\"@type\":\"SearchAction\",\"target\":{\"@type\":\"EntryPoint\",\"urlTemplate\":\"https:\/\/www.consumerdirectnv.com\/?s={search_term_string}\"},\"query-input\":{\"@type\":\"PropertyValueSpecification\",\"valueRequired\":true,\"valueName\":\"search_term_string\"}}],\"inLanguage\":\"vi\"},{\"@type\":\"Organization\",\"@id\":\"https:\/\/www.consumerdirectnv.com\/#organization\",\"name\":\"Nevada - Consumer Direct Care\",\"url\":\"https:\/\/www.consumerdirectnv.com\/\",\"logo\":{\"@type\":\"ImageObject\",\"inLanguage\":\"vi\",\"@id\":\"https:\/\/www.consumerdirectnv.com\/#\/schema\/logo\/image\/\",\"url\":\"https:\/\/www.consumerdirectnv.com\/wp-content\/uploads\/sites\/24\/2025\/12\/Nevada-logo.png\",\"contentUrl\":\"https:\/\/www.consumerdirectnv.com\/wp-content\/uploads\/sites\/24\/2025\/12\/Nevada-logo.png\",\"width\":158,\"height\":48,\"caption\":\"Nevada - Consumer Direct Care\"},\"image\":{\"@id\":\"https:\/\/www.consumerdirectnv.com\/#\/schema\/logo\/image\/\"}}]}<\/script>\n<!-- \/ Yoast SEO plugin. -->","yoast_head_json":{"title":"Traditional Agency Based Services - Nevada - Consumer Direct Care","robots":{"index":"index","follow":"follow","max-snippet":"max-snippet:-1","max-image-preview":"max-image-preview:large","max-video-preview":"max-video-preview:-1"},"canonical":"https:\/\/www.consumerdirectnv.com\/vi\/services\/traditional-agency-based-services\/","og_locale":"vi_VN","og_type":"article","og_title":"Traditional Agency Based Services - Nevada - Consumer Direct Care","og_description":"Previous Service Private Pay Services Next Service Self-Directed Personal Care Services Have more questions? Contact Us","og_url":"https:\/\/www.consumerdirectnv.com\/vi\/services\/traditional-agency-based-services\/","og_site_name":"Nevada - Consumer Direct Care","article_modified_time":"2026-03-10T06:23:10+00:00","twitter_card":"summary_large_image","twitter_misc":{"\u01af\u1edbc t\u00ednh th\u1eddi gian \u0111\u1ecdc":"1 ph\u00fat"},"schema":{"@context":"https:\/\/schema.org","@graph":[{"@type":"WebPage","@id":"https:\/\/www.consumerdirectnv.com\/services\/traditional-agency-based-services\/","url":"https:\/\/www.consumerdirectnv.com\/services\/traditional-agency-based-services\/","name":"Traditional Agency Based Services - Nevada - Consumer Direct Care","isPartOf":{"@id":"https:\/\/www.consumerdirectnv.com\/#website"},"primaryImageOfPage":{"@id":"https:\/\/www.consumerdirectnv.com\/services\/traditional-agency-based-services\/#primaryimage"},"image":{"@id":"https:\/\/www.consumerdirectnv.com\/services\/traditional-agency-based-services\/#primaryimage"},"thumbnailUrl":"https:\/\/www.consumerdirectnv.com\/wp-content\/uploads\/sites\/24\/2025\/12\/Pagination-Previous.svg","datePublished":"2025-12-03T04:41:31+00:00","dateModified":"2026-03-10T06:23:10+00:00","breadcrumb":{"@id":"https:\/\/www.consumerdirectnv.com\/services\/traditional-agency-based-services\/#breadcrumb"},"inLanguage":"vi","potentialAction":[{"@type":"ReadAction","target":["https:\/\/www.consumerdirectnv.com\/services\/traditional-agency-based-services\/"]}]},{"@type":"ImageObject","inLanguage":"vi","@id":"https:\/\/www.consumerdirectnv.com\/services\/traditional-agency-based-services\/#primaryimage","url":"https:\/\/www.consumerdirectnv.com\/wp-content\/uploads\/sites\/24\/2025\/12\/Pagination-Previous.svg","contentUrl":"https:\/\/www.consumerdirectnv.com\/wp-content\/uploads\/sites\/24\/2025\/12\/Pagination-Previous.svg"},{"@type":"BreadcrumbList","@id":"https:\/\/www.consumerdirectnv.com\/services\/traditional-agency-based-services\/#breadcrumb","itemListElement":[{"@type":"ListItem","position":1,"name":"Home","item":"https:\/\/www.consumerdirectnv.com\/"},{"@type":"ListItem","position":2,"name":"Services","item":"https:\/\/www.consumerdirectnv.com\/services\/"},{"@type":"ListItem","position":3,"name":"Traditional Agency Based Services"}]},{"@type":"WebSite","@id":"https:\/\/www.consumerdirectnv.com\/#website","url":"https:\/\/www.consumerdirectnv.com\/","name":"Nevada - Ch\u0103m s\u00f3c tr\u1ef1c ti\u1ebfp ng\u01b0\u1eddi ti\u00eau d\u00f9ng","description":"","publisher":{"@id":"https:\/\/www.consumerdirectnv.com\/#organization"},"potentialAction":[{"@type":"SearchAction","target":{"@type":"EntryPoint","urlTemplate":"https:\/\/www.consumerdirectnv.com\/?s={search_term_string}"},"query-input":{"@type":"PropertyValueSpecification","valueRequired":true,"valueName":"search_term_string"}}],"inLanguage":"vi"},{"@type":"Organization","@id":"https:\/\/www.consumerdirectnv.com\/#organization","name":"Nevada - Ch\u0103m s\u00f3c tr\u1ef1c ti\u1ebfp ng\u01b0\u1eddi ti\u00eau d\u00f9ng","url":"https:\/\/www.consumerdirectnv.com\/","logo":{"@type":"ImageObject","inLanguage":"vi","@id":"https:\/\/www.consumerdirectnv.com\/#\/schema\/logo\/image\/","url":"https:\/\/www.consumerdirectnv.com\/wp-content\/uploads\/sites\/24\/2025\/12\/Nevada-logo.png","contentUrl":"https:\/\/www.consumerdirectnv.com\/wp-content\/uploads\/sites\/24\/2025\/12\/Nevada-logo.png","width":158,"height":48,"caption":"Nevada - Consumer Direct Care"},"image":{"@id":"https:\/\/www.consumerdirectnv.com\/#\/schema\/logo\/image\/"}}]}},"_links":{"self":[{"href":"https:\/\/www.consumerdirectnv.com\/vi\/wp-json\/wp\/v2\/pages\/178","targetHints":{"allow":["GET"]}}],"collection":[{"href":"https:\/\/www.consumerdirectnv.com\/vi\/wp-json\/wp\/v2\/pages"}],"about":[{"href":"https:\/\/www.consumerdirectnv.com\/vi\/wp-json\/wp\/v2\/types\/page"}],"author":[{"embeddable":true,"href":"https:\/\/www.consumerdirectnv.com\/vi\/wp-json\/wp\/v2\/users\/1"}],"replies":[{"embeddable":true,"href":"https:\/\/www.consumerdirectnv.com\/vi\/wp-json\/wp\/v2\/comments?post=178"}],"version-history":[{"count":132,"href":"https:\/\/www.consumerdirectnv.com\/vi\/wp-json\/wp\/v2\/pages\/178\/revisions"}],"predecessor-version":[{"id":3325,"href":"https:\/\/www.consumerdirectnv.com\/vi\/wp-json\/wp\/v2\/pages\/178\/revisions\/3325"}],"up":[{"embeddable":true,"href":"https:\/\/www.consumerdirectnv.com\/vi\/wp-json\/wp\/v2\/pages\/212"}],"wp:attachment":[{"href":"https:\/\/www.consumerdirectnv.com\/vi\/wp-json\/wp\/v2\/media?parent=178"}],"curies":[{"name":"wp","href":"https:\/\/api.w.org\/{rel}","templated":true}]}}