{"id":2542,"date":"2026-01-09T13:53:14","date_gmt":"2026-01-09T13:53:14","guid":{"rendered":"https:\/\/staging-prod-nv.cdcndevelopment.com\/?page_id=2542"},"modified":"2026-01-09T14:42:17","modified_gmt":"2026-01-09T14:42:17","slug":"notice-of-privacy-practices","status":"publish","type":"page","link":"https:\/\/www.consumerdirectnv.com\/es\/notice-of-privacy-practices\/","title":{"rendered":"Aviso de pr\u00e1cticas de privacidad"},"content":{"rendered":"<div data-elementor-type=\"wp-page\" data-elementor-id=\"2542\" class=\"elementor elementor-2542\" data-elementor-post-type=\"page\">\n\t\t\t\t<div class=\"elementor-element elementor-element-a06d1ea e-con-full e-flex e-con e-parent\" data-id=\"a06d1ea\" data-element_type=\"container\" data-settings=\"{&quot;background_background&quot;:&quot;classic&quot;}\">\n\t\t<div class=\"elementor-element elementor-element-67f83d9 e-con-full elementor-hidden-mobile e-flex e-con e-child\" data-id=\"67f83d9\" data-element_type=\"container\" data-settings=\"{&quot;background_background&quot;:&quot;classic&quot;}\">\n\t\t\t\t<div class=\"elementor-element elementor-element-152a41a section-tag-banner elementor-widget elementor-widget-heading\" data-id=\"152a41a\" data-element_type=\"widget\" data-widget_type=\"heading.default\">\n\t\t\t\t\t<h3 class=\"elementor-heading-title elementor-size-default\">Red de Atenci\u00f3n Directa al Consumidor de Nevada<\/h3>\t\t\t\t<\/div>\n\t\t\t\t<div class=\"elementor-element elementor-element-7aae1a1 elementor-widget__width-initial elementor-widget elementor-widget-heading\" data-id=\"7aae1a1\" data-element_type=\"widget\" data-widget_type=\"heading.default\">\n\t\t\t\t\t<h1 class=\"elementor-heading-title elementor-size-default\">Aviso de <mark>Privacidad<\/mark> Pr\u00e1cticas<\/h1>\t\t\t\t<\/div>\n\t\t\t\t<\/div>\n\t\t<div class=\"elementor-element elementor-element-dc4b2b6 elementor-hidden-desktop elementor-hidden-tablet e-flex e-con-boxed e-con e-child\" data-id=\"dc4b2b6\" data-element_type=\"container\">\n\t\t\t\t\t<div class=\"e-con-inner\">\n\t\t\t\t<div class=\"elementor-element elementor-element-73e093a section-tag-grey elementor-widget elementor-widget-heading\" data-id=\"73e093a\" data-element_type=\"widget\" data-widget_type=\"heading.default\">\n\t\t\t\t\t<h2 class=\"elementor-heading-title elementor-size-default\">Red de Atenci\u00f3n Directa al Consumidor de Nevada<\/h2>\t\t\t\t<\/div>\n\t\t\t\t<div class=\"elementor-element elementor-element-cf3a8ac elementor-widget__width-initial elementor-widget elementor-widget-heading\" data-id=\"cf3a8ac\" data-element_type=\"widget\" data-widget_type=\"heading.default\">\n\t\t\t\t\t<h1 class=\"elementor-heading-title elementor-size-default\">Aviso de <mark>Privacidad<\/mark> Pr\u00e1cticas<\/h1>\t\t\t\t<\/div>\n\t\t\t\t<div class=\"elementor-element elementor-element-1c134f4 elementor-widget-mobile__width-inherit elementor-widget elementor-widget-image\" data-id=\"1c134f4\" data-element_type=\"widget\" data-widget_type=\"image.default\">\n\t\t\t\t\t\t\t\t\t\t\t\t\t\t\t<img decoding=\"async\" src=\"https:\/\/www.consumerdirectnv.com\/wp-content\/uploads\/sites\/24\/2026\/01\/resources-banner-mobile-1.png\" title=\"\" alt=\"\" loading=\"lazy\" \/>\t\t\t\t\t\t\t\t\t\t\t\t\t\t\t<\/div>\n\t\t\t\t\t<\/div>\n\t\t\t\t<\/div>\n\t\t\t\t<\/div>\n\t\t<div class=\"elementor-element elementor-element-d7da092 e-flex e-con-boxed e-con e-parent\" data-id=\"d7da092\" data-element_type=\"container\">\n\t\t\t\t\t<div class=\"e-con-inner\">\n\t\t\t\t<div class=\"elementor-element elementor-element-07dc1bc elementor-widget elementor-widget-text-editor\" data-id=\"07dc1bc\" data-element_type=\"widget\" data-widget_type=\"text-editor.default\">\n\t\t\t\t\t\t\t\t\t<h3>Su informaci\u00f3n. Sus derechos. Nuestras responsabilidades<\/h3><p>Este aviso se proporciona en nombre de la Entidad Cubierta y le informa sobre c\u00f3mo se puede utilizar y divulgar su informaci\u00f3n m\u00e9dica. Tambi\u00e9n le indica c\u00f3mo puede acceder a esta informaci\u00f3n. Le rogamos que lo lea detenidamente.<\/p><h4><strong>Sus derechos<\/strong><\/h4><p>Cuando se trata de su informaci\u00f3n sanitaria, usted tiene ciertos derechos. Esta secci\u00f3n explica sus derechos y algunas de nuestras responsabilidades para ayudarle.<\/p><p><strong>Obtener una copia electr\u00f3nica o en papel de su historial m\u00e9dico<\/strong><\/p><ul><li>Puede solicitar ver u obtener una copia electr\u00f3nica o en papel de su historial m\u00e9dico y dem\u00e1s informaci\u00f3n sanitaria que tengamos sobre usted. Preg\u00fantenos c\u00f3mo hacerlo.<\/li><li>Le proporcionaremos una copia o un resumen de su informaci\u00f3n sanitaria, normalmente en los 30 d\u00edas siguientes a su solicitud. Podemos cobrar una tarifa razonable basada en los costes.<\/li><\/ul><p><strong>Pedirnos que corrijamos su historial m\u00e9dico<\/strong><\/p><ul><li>Puede pedirnos que corrijamos la informaci\u00f3n sanitaria sobre usted que considere incorrecta o incompleta. Preg\u00fantenos c\u00f3mo hacerlo.<\/li><li>Si decimos \"no\" a su solicitud, le explicaremos el motivo por escrito en un plazo de 60 d\u00edas.<\/li><\/ul><p><strong>Solicitar comunicaciones confidenciales<\/strong><\/p><ul><li>Puede pedirnos que nos pongamos en contacto con usted de una forma concreta (por ejemplo, tel\u00e9fono particular o de la oficina). Tambi\u00e9n puede pedirnos que le enviemos el correo a una direcci\u00f3n diferente.<\/li><li>Diremos \"s\u00ed\" a todas las peticiones razonables.<\/li><\/ul><p><strong>P\u00eddanos que limitemos lo que utilizamos o compartimos<\/strong><\/p><ul><li>Puede pedirnos que no utilicemos o compartamos determinada informaci\u00f3n sanitaria para tratamientos, pagos o nuestras operaciones. No estamos obligados a acceder a su solicitud y podemos negarnos si ello pudiera afectar a su atenci\u00f3n.<\/li><li>Si paga de su bolsillo la totalidad de un servicio o art\u00edculo sanitario, puede pedirnos que no compartamos esa informaci\u00f3n con su aseguradora m\u00e9dica a efectos de pago o de nuestras operaciones. Le diremos que \"s\u00ed\" a menos que una ley nos obligue a compartir esa informaci\u00f3n.<\/li><\/ul><p><strong>Obtener una lista de las personas con las que hemos compartido informaci\u00f3n<\/strong><\/p><ul><li>Puede solicitar una lista (recuento) de las veces que hemos compartido su informaci\u00f3n sanitaria durante los seis a\u00f1os anteriores a la fecha de su solicitud. En ella figurar\u00e1 con qui\u00e9n la hemos compartido y por qu\u00e9.<\/li><li>Incluiremos todas las divulgaciones excepto las relativas a tratamiento, pago y operaciones de atenci\u00f3n sanitaria, y algunas otras divulgaciones (como las que usted nos haya solicitado). Le proporcionaremos un informe al a\u00f1o de forma gratuita, pero le cobraremos una tarifa razonable en funci\u00f3n de los costes si solicita otro en un plazo de 12 meses.<\/li><\/ul><h4><strong>Obtenga una copia de este aviso de privacidad<\/strong><\/h4><p>Puede solicitar una copia en papel de este aviso en cualquier momento, incluso si ha aceptado recibirlo electr\u00f3nicamente. Le proporcionaremos una copia en papel sin demora.<\/p><p><strong>Elija a alguien que act\u00fae por usted<\/strong><\/p><ul><li>Si ha otorgado a alguien un poder m\u00e9dico o si alguien es su tutor legal, esa persona puede ejercer sus derechos y tomar decisiones sobre su informaci\u00f3n sanitaria.<\/li><li>Nos aseguraremos de que la persona tiene esta autoridad y puede actuar en su nombre antes de emprender cualquier acci\u00f3n.<\/li><\/ul><p><strong>Presentar una denuncia si considera que se vulneran sus derechos<\/strong><\/p><ul><li>Si considera que hemos vulnerado sus derechos, puede presentar una queja poni\u00e9ndose en contacto con nosotros a trav\u00e9s de los datos que figuran en la p\u00e1gina 1.<\/li><li>Puede presentar una queja ante la Oficina de Derechos Civiles del Departamento de Salud y Servicios Humanos de EE.UU. enviando una carta a 200 Independence Avenue, S.W., Washington, D.C. 20201. Tambi\u00e9n puede llamar al <a href=\"tel:1-877-696-6775\">1-877-696-6775<\/a>o visite <a href=\"https:\/\/www.hhs.gov\/hipaa\/filing-a-complaint\/what-to-expect\/index.html\" target=\"_blank\" rel=\"noopener\">www.hhs.gov\/ocr\/privacy\/hipaa\/complaints\/<\/a>.<\/li><li>No tomaremos represalias contra usted por presentar una queja.<\/li><\/ul><h4><strong>Sus opciones<\/strong><\/h4><p>En el caso de determinados datos sanitarios, puede indicarnos sus preferencias sobre lo que compartimos. Si tiene una preferencia clara sobre c\u00f3mo compartimos su informaci\u00f3n en las situaciones descritas a continuaci\u00f3n, hable con nosotros. D\u00edganos qu\u00e9 quiere que hagamos y seguiremos sus instrucciones.<\/p><p>En estos casos, usted tiene tanto el derecho como la opci\u00f3n de dec\u00edrnoslo:<\/p><ul><li>Comparta la informaci\u00f3n con su familia, amigos \u00edntimos u otras personas implicadas en su cuidado.<\/li><li>Compartir informaci\u00f3n en una situaci\u00f3n de ayuda en caso de cat\u00e1strofe.<\/li><li>Incluya su informaci\u00f3n en un director de hospital.<\/li><\/ul><p>Si no puede decirnos lo que prefiere, por ejemplo si est\u00e1 inconsciente, podemos seguir adelante y compartir su informaci\u00f3n si creemos que es lo mejor para usted. Tambi\u00e9n podemos compartir su informaci\u00f3n cuando sea necesario para reducir una amenaza grave e inminente para la salud o la seguridad.<\/p><p>En estos casos, nunca compartimos su informaci\u00f3n a menos que nos d\u00e9 permiso por escrito:<\/p><ul><li>Fines comerciales.<\/li><li>Venta de su informaci\u00f3n.<\/li><li>La mayor\u00eda comparte notas de psicoterapia.<\/li><\/ul><p>En el caso de la recaudaci\u00f3n de fondos:<\/p><ul><li>Podemos ponernos en contacto con usted para recaudar fondos, pero puede decirnos que no volvamos a hacerlo.<\/li><\/ul><h4><strong>Nuestros usos y divulgaciones<\/strong><\/h4><p><strong>\u00bfC\u00f3mo solemos utilizar o compartir su informaci\u00f3n sanitaria?<\/strong> <\/p><p>Normalmente utilizamos o compartimos su informaci\u00f3n sanitaria de las siguientes maneras.<\/p><p><strong>Tratarte<\/strong><\/p><p>Podemos utilizar su informaci\u00f3n sanitaria y compartirla con otros profesionales que le est\u00e9n tratando.<br \/>Ejemplo: Un m\u00e9dico que le trata por una lesi\u00f3n pregunta a otro m\u00e9dico sobre su estado general de salud<\/p><p><strong>Dirigir nuestra organizaci\u00f3n<\/strong><\/p><p>Podemos utilizar y compartir su informaci\u00f3n sanitaria para gestionar nuestra consulta, mejorar su atenci\u00f3n y ponernos en contacto con usted cuando sea necesario.<br \/>Por ejemplo: Utilizamos informaci\u00f3n sanitaria sobre usted para gestionar su tratamiento y servicios.<\/p><p><strong>Facture sus servicios<\/strong><\/p><p>Podemos utilizar y compartir su informaci\u00f3n sanitaria para facturar y obtener pagos de planes de salud u otras entidades. <br \/>Por ejemplo: Facilitamos informaci\u00f3n sobre usted a su seguro m\u00e9dico para que pague sus servicios.<\/p><p><strong>\u00bfDe qu\u00e9 otra forma podemos utilizar o compartir sus datos sanitarios?<\/strong><\/p><p>Se nos permite o exige compartir su informaci\u00f3n de otras maneras. Por lo general, se trata de formas que contribuyen al bien p\u00fablico, como la salud p\u00fablica y la investigaci\u00f3n. Tenemos que cumplir muchas condiciones legales antes de poder compartir su informaci\u00f3n para estos fines. Para m\u00e1s informaci\u00f3n, consulte: <a href=\"https:\/\/www.hhs.gov\/hipaa\/for-individuals\/guidance-materials-for-consumers\/index.html\" target=\"_blank\" rel=\"noopener\">www.hhs.gov\/ocr\/privacy\/hipaa\/understanding\/consumers\/index.html<\/a>.<\/p><p><strong>Ayuda en cuestiones de salud y seguridad p\u00fablicas<\/strong><\/p><p>Podemos compartir informaci\u00f3n sanitaria sobre usted en determinadas situaciones, por ejemplo<\/p><ul><li>Prevenci\u00f3n de enfermedades.<\/li><li>Ayuda en la retirada de productos.<\/li><li>Notificaci\u00f3n de reacciones adversas a los medicamentos.<\/li><li>Notificaci\u00f3n de sospechas de malos tratos, abandono o violencia dom\u00e9stica.<\/li><li>Prevenir o reducir una amenaza grave para la salud o la seguridad de cualquier persona.<\/li><\/ul><p><strong>Investiga<\/strong><\/p><p>Podemos utilizar o compartir su informaci\u00f3n para la investigaci\u00f3n sanitaria.<\/p><p><strong>Cumplir la ley<\/strong><\/p><p>Compartiremos informaci\u00f3n sobre usted si las leyes estatales o federales lo exigen. Esto incluye con el Departamento de Salud y Servicios Humanos si quiere ver que estamos cumpliendo con la ley federal de privacidad.<\/p><p><strong>Atender las solicitudes de indemnizaci\u00f3n de los trabajadores, de las fuerzas de seguridad y de otras administraciones p\u00fablicas.<\/strong><\/p><p>Podemos utilizar o compartir informaci\u00f3n sanitaria sobre usted:<\/p><ul><li>Para las reclamaciones de indemnizaci\u00f3n de los trabajadores.<\/li><li>Para fines policiales o con un funcionario encargado de hacer cumplir la ley.<\/li><li>Con organismos de control sanitario para actividades autorizadas por la ley.<\/li><li>Para funciones gubernamentales especiales, como servicios militares, de seguridad nacional y de protecci\u00f3n presidencial.<\/li><\/ul><p><strong>Responder a demandas y acciones legales<\/strong><\/p><p>Podemos compartir informaci\u00f3n sanitaria sobre usted en respuesta a una orden judicial o administrativa, o en respuesta a una citaci\u00f3n judicial.<\/p><p><strong>Nuestras responsabilidades<\/strong><\/p><ul><li>La ley nos obliga a mantener la privacidad y seguridad de sus datos sanitarios protegidos.<\/li><li>Le informaremos con prontitud si se produce una infracci\u00f3n que pueda haber comprometido la privacidad o seguridad de su informaci\u00f3n.<\/li><li>Debemos cumplir las obligaciones y pr\u00e1cticas de privacidad descritas en este aviso y entregarle una copia del mismo.<\/li><li>No utilizaremos ni compartiremos su informaci\u00f3n de forma distinta a la aqu\u00ed descrita a menos que usted nos indique que <br \/>puede por escrito. Si nos dice que podemos, puede cambiar de opini\u00f3n en cualquier momento. H\u00e1ganos saber por escrito si cambia de opini\u00f3n.<\/li><\/ul><p>Para m\u00e1s informaci\u00f3n, v\u00e9ase: <a href=\"https:\/\/www.hhs.gov\/hipaa\/for-individuals\/notice-privacy-practices\/index.html\" target=\"_blank\" rel=\"noopener\">www.hhs.gov\/ocr\/privacy\/hipaa\/understanding\/consumers\/noticepp.html<\/a>.<\/p><p><strong>Cambios en las condiciones de este anuncio<\/strong><\/p><p>Podemos cambiar los t\u00e9rminos de este aviso, y los cambios se aplicar\u00e1n a toda la informaci\u00f3n que tengamos sobre usted. El nuevo aviso estar\u00e1 disponible previa solicitud, en nuestra oficina y en nuestro sitio web.<\/p><p><strong>Otras instrucciones para la notificaci\u00f3n<\/strong><\/p><ul><li>Este aviso entra en vigor el 1 de abril de 2020. <\/li><li>Puede ponerse en contacto con nuestro responsable de protecci\u00f3n de datos en <a href=\"mailto:infoprivacy@consumerdirectcare.com\">infoprivacy@consumerdirectcare.com<\/a>.<\/li><li>Nunca comercializamos ni vendemos informaci\u00f3n personal.<\/li><li>Este aviso se aplica a todas las empresas de la Red de Atenci\u00f3n Directa al Consumidor que operan como Entidades Cubiertas.<\/li><\/ul>\t\t\t\t\t\t\t\t<\/div>\n\t\t\t\t\t<\/div>\n\t\t\t\t<\/div>\n\t\t\t\t<\/div>","protected":false},"excerpt":{"rendered":"<p>Su informaci\u00f3n. Sus derechos. Nuestras responsabilidades Este aviso se proporciona en nombre de la Entidad Cubierta y le informa sobre c\u00f3mo se puede utilizar y divulgar su informaci\u00f3n m\u00e9dica. Tambi\u00e9n le indica c\u00f3mo puede acceder a esta informaci\u00f3n. Le rogamos que lo lea detenidamente. Sus derechos Cuando se trata de su informaci\u00f3n m\u00e9dica, [...]<\/p>","protected":false},"author":9,"featured_media":0,"parent":0,"menu_order":0,"comment_status":"closed","ping_status":"closed","template":"","meta":{"_acf_changed":false,"footnotes":""},"class_list":["post-2542","page","type-page","status-publish","hentry"],"acf":[],"yoast_head":"<!-- This site is optimized with the Yoast SEO plugin v26.0 - https:\/\/yoast.com\/wordpress\/plugins\/seo\/ -->\n<title>Notice Of Privacy Practices - Nevada - Consumer Direct Care<\/title>\n<meta name=\"robots\" content=\"index, follow, max-snippet:-1, max-image-preview:large, max-video-preview:-1\" \/>\n<link rel=\"canonical\" href=\"https:\/\/www.consumerdirectnv.com\/es\/notice-of-privacy-practices\/\" \/>\n<meta property=\"og:locale\" content=\"es_ES\" \/>\n<meta property=\"og:type\" content=\"article\" \/>\n<meta property=\"og:title\" content=\"Notice Of Privacy Practices - Nevada - Consumer Direct Care\" \/>\n<meta property=\"og:description\" content=\"Your Information. Your Rights. Our Responsibilities This notice is being provided on behalf of the Covered Entity, and tells you how medical information about you may be used and disclosed. It also tells you how you can get access to this information. Please review it carefully. Your Rights When it comes to your health information, [&hellip;]\" \/>\n<meta property=\"og:url\" content=\"https:\/\/www.consumerdirectnv.com\/es\/notice-of-privacy-practices\/\" \/>\n<meta property=\"og:site_name\" content=\"Nevada - Consumer Direct Care\" \/>\n<meta property=\"article:modified_time\" content=\"2026-01-09T14:42:17+00:00\" \/>\n<meta name=\"twitter:card\" content=\"summary_large_image\" \/>\n<meta name=\"twitter:label1\" content=\"Tiempo de lectura\" \/>\n\t<meta name=\"twitter:data1\" content=\"6 minutos\" \/>\n<script type=\"application\/ld+json\" class=\"yoast-schema-graph\">{\"@context\":\"https:\/\/schema.org\",\"@graph\":[{\"@type\":\"WebPage\",\"@id\":\"https:\/\/www.consumerdirectnv.com\/notice-of-privacy-practices\/\",\"url\":\"https:\/\/www.consumerdirectnv.com\/notice-of-privacy-practices\/\",\"name\":\"Notice Of Privacy Practices - Nevada - Consumer Direct Care\",\"isPartOf\":{\"@id\":\"https:\/\/www.consumerdirectnv.com\/#website\"},\"datePublished\":\"2026-01-09T13:53:14+00:00\",\"dateModified\":\"2026-01-09T14:42:17+00:00\",\"breadcrumb\":{\"@id\":\"https:\/\/www.consumerdirectnv.com\/notice-of-privacy-practices\/#breadcrumb\"},\"inLanguage\":\"es\",\"potentialAction\":[{\"@type\":\"ReadAction\",\"target\":[\"https:\/\/www.consumerdirectnv.com\/notice-of-privacy-practices\/\"]}]},{\"@type\":\"BreadcrumbList\",\"@id\":\"https:\/\/www.consumerdirectnv.com\/notice-of-privacy-practices\/#breadcrumb\",\"itemListElement\":[{\"@type\":\"ListItem\",\"position\":1,\"name\":\"Home\",\"item\":\"https:\/\/www.consumerdirectnv.com\/\"},{\"@type\":\"ListItem\",\"position\":2,\"name\":\"Notice Of Privacy Practices\"}]},{\"@type\":\"WebSite\",\"@id\":\"https:\/\/www.consumerdirectnv.com\/#website\",\"url\":\"https:\/\/www.consumerdirectnv.com\/\",\"name\":\"Nevada - Consumer Direct Care\",\"description\":\"\",\"publisher\":{\"@id\":\"https:\/\/www.consumerdirectnv.com\/#organization\"},\"potentialAction\":[{\"@type\":\"SearchAction\",\"target\":{\"@type\":\"EntryPoint\",\"urlTemplate\":\"https:\/\/www.consumerdirectnv.com\/?s={search_term_string}\"},\"query-input\":{\"@type\":\"PropertyValueSpecification\",\"valueRequired\":true,\"valueName\":\"search_term_string\"}}],\"inLanguage\":\"es\"},{\"@type\":\"Organization\",\"@id\":\"https:\/\/www.consumerdirectnv.com\/#organization\",\"name\":\"Nevada - Consumer Direct Care\",\"url\":\"https:\/\/www.consumerdirectnv.com\/\",\"logo\":{\"@type\":\"ImageObject\",\"inLanguage\":\"es\",\"@id\":\"https:\/\/www.consumerdirectnv.com\/#\/schema\/logo\/image\/\",\"url\":\"https:\/\/www.consumerdirectnv.com\/wp-content\/uploads\/sites\/24\/2025\/12\/Nevada-logo.png\",\"contentUrl\":\"https:\/\/www.consumerdirectnv.com\/wp-content\/uploads\/sites\/24\/2025\/12\/Nevada-logo.png\",\"width\":158,\"height\":48,\"caption\":\"Nevada - Consumer Direct Care\"},\"image\":{\"@id\":\"https:\/\/www.consumerdirectnv.com\/#\/schema\/logo\/image\/\"}}]}<\/script>\n<!-- \/ Yoast SEO plugin. -->","yoast_head_json":{"title":"Notice Of Privacy Practices - Nevada - Consumer Direct Care","robots":{"index":"index","follow":"follow","max-snippet":"max-snippet:-1","max-image-preview":"max-image-preview:large","max-video-preview":"max-video-preview:-1"},"canonical":"https:\/\/www.consumerdirectnv.com\/es\/notice-of-privacy-practices\/","og_locale":"es_ES","og_type":"article","og_title":"Notice Of Privacy Practices - Nevada - Consumer Direct Care","og_description":"Your Information. Your Rights. Our Responsibilities This notice is being provided on behalf of the Covered Entity, and tells you how medical information about you may be used and disclosed. It also tells you how you can get access to this information. Please review it carefully. Your Rights When it comes to your health information, [&hellip;]","og_url":"https:\/\/www.consumerdirectnv.com\/es\/notice-of-privacy-practices\/","og_site_name":"Nevada - Consumer Direct Care","article_modified_time":"2026-01-09T14:42:17+00:00","twitter_card":"summary_large_image","twitter_misc":{"Tiempo de lectura":"6 minutos"},"schema":{"@context":"https:\/\/schema.org","@graph":[{"@type":"WebPage","@id":"https:\/\/www.consumerdirectnv.com\/notice-of-privacy-practices\/","url":"https:\/\/www.consumerdirectnv.com\/notice-of-privacy-practices\/","name":"Notice Of Privacy Practices - Nevada - Consumer Direct Care","isPartOf":{"@id":"https:\/\/www.consumerdirectnv.com\/#website"},"datePublished":"2026-01-09T13:53:14+00:00","dateModified":"2026-01-09T14:42:17+00:00","breadcrumb":{"@id":"https:\/\/www.consumerdirectnv.com\/notice-of-privacy-practices\/#breadcrumb"},"inLanguage":"es","potentialAction":[{"@type":"ReadAction","target":["https:\/\/www.consumerdirectnv.com\/notice-of-privacy-practices\/"]}]},{"@type":"BreadcrumbList","@id":"https:\/\/www.consumerdirectnv.com\/notice-of-privacy-practices\/#breadcrumb","itemListElement":[{"@type":"ListItem","position":1,"name":"Home","item":"https:\/\/www.consumerdirectnv.com\/"},{"@type":"ListItem","position":2,"name":"Notice Of Privacy Practices"}]},{"@type":"WebSite","@id":"https:\/\/www.consumerdirectnv.com\/#website","url":"https:\/\/www.consumerdirectnv.com\/","name":"Nevada - Atenci\u00f3n directa al consumidor","description":"","publisher":{"@id":"https:\/\/www.consumerdirectnv.com\/#organization"},"potentialAction":[{"@type":"SearchAction","target":{"@type":"EntryPoint","urlTemplate":"https:\/\/www.consumerdirectnv.com\/?s={search_term_string}"},"query-input":{"@type":"PropertyValueSpecification","valueRequired":true,"valueName":"search_term_string"}}],"inLanguage":"es"},{"@type":"Organization","@id":"https:\/\/www.consumerdirectnv.com\/#organization","name":"Nevada - Atenci\u00f3n directa al consumidor","url":"https:\/\/www.consumerdirectnv.com\/","logo":{"@type":"ImageObject","inLanguage":"es","@id":"https:\/\/www.consumerdirectnv.com\/#\/schema\/logo\/image\/","url":"https:\/\/www.consumerdirectnv.com\/wp-content\/uploads\/sites\/24\/2025\/12\/Nevada-logo.png","contentUrl":"https:\/\/www.consumerdirectnv.com\/wp-content\/uploads\/sites\/24\/2025\/12\/Nevada-logo.png","width":158,"height":48,"caption":"Nevada - Consumer Direct Care"},"image":{"@id":"https:\/\/www.consumerdirectnv.com\/#\/schema\/logo\/image\/"}}]}},"_links":{"self":[{"href":"https:\/\/www.consumerdirectnv.com\/es\/wp-json\/wp\/v2\/pages\/2542","targetHints":{"allow":["GET"]}}],"collection":[{"href":"https:\/\/www.consumerdirectnv.com\/es\/wp-json\/wp\/v2\/pages"}],"about":[{"href":"https:\/\/www.consumerdirectnv.com\/es\/wp-json\/wp\/v2\/types\/page"}],"author":[{"embeddable":true,"href":"https:\/\/www.consumerdirectnv.com\/es\/wp-json\/wp\/v2\/users\/9"}],"replies":[{"embeddable":true,"href":"https:\/\/www.consumerdirectnv.com\/es\/wp-json\/wp\/v2\/comments?post=2542"}],"version-history":[{"count":20,"href":"https:\/\/www.consumerdirectnv.com\/es\/wp-json\/wp\/v2\/pages\/2542\/revisions"}],"predecessor-version":[{"id":2568,"href":"https:\/\/www.consumerdirectnv.com\/es\/wp-json\/wp\/v2\/pages\/2542\/revisions\/2568"}],"wp:attachment":[{"href":"https:\/\/www.consumerdirectnv.com\/es\/wp-json\/wp\/v2\/media?parent=2542"}],"curies":[{"name":"wp","href":"https:\/\/api.w.org\/{rel}","templated":true}]}}