{"id":2540,"date":"2026-01-09T13:47:26","date_gmt":"2026-01-09T13:47:26","guid":{"rendered":"https:\/\/staging-prod-nv.cdcndevelopment.com\/?page_id=2540"},"modified":"2026-01-20T09:05:25","modified_gmt":"2026-01-20T09:05:25","slug":"non-discrimination-statement","status":"publish","type":"page","link":"https:\/\/www.consumerdirectnv.com\/es\/non-discrimination-statement\/","title":{"rendered":"Declaraci\u00f3n de no discriminaci\u00f3n"},"content":{"rendered":"<div data-elementor-type=\"wp-page\" data-elementor-id=\"2540\" class=\"elementor elementor-2540\" data-elementor-post-type=\"page\">\n\t\t\t\t<div class=\"elementor-element elementor-element-5db1588 e-con-full e-flex e-con e-parent\" data-id=\"5db1588\" data-element_type=\"container\" data-settings=\"{&quot;background_background&quot;:&quot;classic&quot;}\">\n\t\t<div class=\"elementor-element elementor-element-b8ba2ea e-con-full elementor-hidden-mobile e-flex e-con e-child\" data-id=\"b8ba2ea\" data-element_type=\"container\" data-settings=\"{&quot;background_background&quot;:&quot;classic&quot;}\">\n\t\t\t\t<div class=\"elementor-element elementor-element-b58268a section-tag-banner elementor-widget elementor-widget-heading\" data-id=\"b58268a\" data-element_type=\"widget\" data-widget_type=\"heading.default\">\n\t\t\t\t\t<h3 class=\"elementor-heading-title elementor-size-default\">Red de Atenci\u00f3n Directa al Consumidor de Nevada<\/h3>\t\t\t\t<\/div>\n\t\t\t\t<div class=\"elementor-element elementor-element-fa23afe elementor-widget__width-initial elementor-widget elementor-widget-heading\" data-id=\"fa23afe\" data-element_type=\"widget\" data-widget_type=\"heading.default\">\n\t\t\t\t\t<h1 class=\"elementor-heading-title elementor-size-default\"><mark>No discriminaci\u00f3n<\/mark> Declaraci\u00f3n<\/h1>\t\t\t\t<\/div>\n\t\t\t\t<\/div>\n\t\t<div class=\"elementor-element elementor-element-748d3e7 elementor-hidden-desktop elementor-hidden-tablet e-flex e-con-boxed e-con e-child\" data-id=\"748d3e7\" data-element_type=\"container\">\n\t\t\t\t\t<div class=\"e-con-inner\">\n\t\t\t\t<div class=\"elementor-element elementor-element-810eb41 section-tag-grey elementor-widget elementor-widget-heading\" data-id=\"810eb41\" data-element_type=\"widget\" data-widget_type=\"heading.default\">\n\t\t\t\t\t<h2 class=\"elementor-heading-title elementor-size-default\">Red de Atenci\u00f3n Directa al Consumidor de Nevada<\/h2>\t\t\t\t<\/div>\n\t\t\t\t<div class=\"elementor-element elementor-element-e945f83 elementor-widget__width-initial elementor-widget elementor-widget-heading\" data-id=\"e945f83\" data-element_type=\"widget\" data-widget_type=\"heading.default\">\n\t\t\t\t\t<h1 class=\"elementor-heading-title elementor-size-default\"><mark>No discriminaci\u00f3n<\/mark> Declaraci\u00f3n<\/h1>\t\t\t\t<\/div>\n\t\t\t\t<div class=\"elementor-element elementor-element-ed51a30 elementor-widget-mobile__width-inherit elementor-widget elementor-widget-image\" data-id=\"ed51a30\" data-element_type=\"widget\" data-widget_type=\"image.default\">\n\t\t\t\t\t\t\t\t\t\t\t\t\t\t\t<img decoding=\"async\" src=\"https:\/\/www.consumerdirectnv.com\/wp-content\/uploads\/sites\/24\/2025\/12\/expert-in-self-banner-mob.png\" title=\"\" alt=\"\" loading=\"lazy\" \/>\t\t\t\t\t\t\t\t\t\t\t\t\t\t\t<\/div>\n\t\t\t\t\t<\/div>\n\t\t\t\t<\/div>\n\t\t\t\t<\/div>\n\t\t<div class=\"elementor-element elementor-element-03e193f e-flex e-con-boxed e-con e-parent\" data-id=\"03e193f\" data-element_type=\"container\">\n\t\t\t\t\t<div class=\"e-con-inner\">\n\t\t\t\t<div class=\"elementor-element elementor-element-f1985af elementor-widget elementor-widget-text-editor\" data-id=\"f1985af\" data-element_type=\"widget\" data-widget_type=\"text-editor.default\">\n\t\t\t\t\t\t\t\t\t<p>Consumer Direct Care Network Nevada no discrimina y no permite la discriminaci\u00f3n, incluyendo,<br \/>sin limitaci\u00f3n, intimidaci\u00f3n, abuso o acoso, por motivos de raza, color, religi\u00f3n, origen nacional, ascendencia, edad, sexo, discapacidad f\u00edsica o mental, orientaci\u00f3n sexual, identidad o expresi\u00f3n de g\u00e9nero o estado serol\u00f3gico respecto al VIH, reales o percibidos, o basados en la asociaci\u00f3n con otra persona por motivos de raza, color, religi\u00f3n, origen nacional, ascendencia, edad, sexo, discapacidad f\u00edsica o mental, orientaci\u00f3n sexual, identidad o expresi\u00f3n de g\u00e9nero o estado serol\u00f3gico respecto al VIH, reales o percibidos.<\/p><p>Cualquier cliente de Consumer Direct Care Network Nevada que haya sufrido discriminaci\u00f3n puede presentar una queja ante la Divisi\u00f3n de Salud P\u00fablica y del Comportamiento de Nevada (DPBH). DPBH puede ser contactado en:<\/p><p>Divisi\u00f3n de Salud P\u00fablica y del Comportamiento de Nevada<br \/>4150 Technology Way<br \/>Carson City, NV 89706<br \/>L\u00ednea de admisi\u00f3n de quejas: <a href=\"tel:702-668-3250\">702-668-3250<\/a>.<\/p>\t\t\t\t\t\t\t\t<\/div>\n\t\t\t\t\t<\/div>\n\t\t\t\t<\/div>\n\t\t\t\t<\/div>","protected":false},"excerpt":{"rendered":"<p>Consumer Direct Care Network Nevada no discrimina y no permite la discriminaci\u00f3n, incluyendo, sin limitaci\u00f3n, la intimidaci\u00f3n, el abuso o el acoso, sobre la base real o percibida de raza, color, religi\u00f3n, origen nacional, ascendencia, edad, sexo, discapacidad f\u00edsica o mental, orientaci\u00f3n sexual, identidad de g\u00e9nero o expresi\u00f3n o el estado del VIH, o sobre la base de la asociaci\u00f3n con otra persona en [...].<\/p>","protected":false},"author":9,"featured_media":0,"parent":0,"menu_order":0,"comment_status":"closed","ping_status":"closed","template":"","meta":{"_acf_changed":false,"footnotes":""},"class_list":["post-2540","page","type-page","status-publish","hentry"],"acf":[],"yoast_head":"<!-- This site is optimized with the Yoast SEO plugin v26.0 - https:\/\/yoast.com\/wordpress\/plugins\/seo\/ -->\n<title>Non Discrimination Statement - Nevada - Consumer Direct Care<\/title>\n<meta name=\"robots\" content=\"index, follow, max-snippet:-1, max-image-preview:large, max-video-preview:-1\" \/>\n<link rel=\"canonical\" href=\"https:\/\/www.consumerdirectnv.com\/es\/non-discrimination-statement\/\" \/>\n<meta property=\"og:locale\" content=\"es_ES\" \/>\n<meta property=\"og:type\" content=\"article\" \/>\n<meta property=\"og:title\" content=\"Non Discrimination Statement - Nevada - Consumer Direct Care\" \/>\n<meta property=\"og:description\" content=\"Consumer Direct Care Network Nevada does not discriminate and does not permit discrimination, including,without limitation, bullying, abuse or harassment, on the basis of actual or perceived race, color, religion, national origin, ancestry, age, gender, physical or mental disability, sexual orientation, gender identity or expression or HIV status, or based on association with another person on [&hellip;]\" \/>\n<meta property=\"og:url\" content=\"https:\/\/www.consumerdirectnv.com\/es\/non-discrimination-statement\/\" \/>\n<meta property=\"og:site_name\" content=\"Nevada - Consumer Direct Care\" \/>\n<meta property=\"article:modified_time\" content=\"2026-01-20T09:05:25+00:00\" \/>\n<meta name=\"twitter:card\" content=\"summary_large_image\" \/>\n<meta name=\"twitter:label1\" content=\"Tiempo de lectura\" \/>\n\t<meta name=\"twitter:data1\" content=\"1 minuto\" \/>\n<script type=\"application\/ld+json\" class=\"yoast-schema-graph\">{\"@context\":\"https:\/\/schema.org\",\"@graph\":[{\"@type\":\"WebPage\",\"@id\":\"https:\/\/www.consumerdirectnv.com\/non-discrimination-statement\/\",\"url\":\"https:\/\/www.consumerdirectnv.com\/non-discrimination-statement\/\",\"name\":\"Non Discrimination Statement - Nevada - Consumer Direct Care\",\"isPartOf\":{\"@id\":\"https:\/\/www.consumerdirectnv.com\/#website\"},\"datePublished\":\"2026-01-09T13:47:26+00:00\",\"dateModified\":\"2026-01-20T09:05:25+00:00\",\"breadcrumb\":{\"@id\":\"https:\/\/www.consumerdirectnv.com\/non-discrimination-statement\/#breadcrumb\"},\"inLanguage\":\"es\",\"potentialAction\":[{\"@type\":\"ReadAction\",\"target\":[\"https:\/\/www.consumerdirectnv.com\/non-discrimination-statement\/\"]}]},{\"@type\":\"BreadcrumbList\",\"@id\":\"https:\/\/www.consumerdirectnv.com\/non-discrimination-statement\/#breadcrumb\",\"itemListElement\":[{\"@type\":\"ListItem\",\"position\":1,\"name\":\"Home\",\"item\":\"https:\/\/www.consumerdirectnv.com\/\"},{\"@type\":\"ListItem\",\"position\":2,\"name\":\"Non Discrimination Statement\"}]},{\"@type\":\"WebSite\",\"@id\":\"https:\/\/www.consumerdirectnv.com\/#website\",\"url\":\"https:\/\/www.consumerdirectnv.com\/\",\"name\":\"Nevada - Consumer Direct Care\",\"description\":\"\",\"publisher\":{\"@id\":\"https:\/\/www.consumerdirectnv.com\/#organization\"},\"potentialAction\":[{\"@type\":\"SearchAction\",\"target\":{\"@type\":\"EntryPoint\",\"urlTemplate\":\"https:\/\/www.consumerdirectnv.com\/?s={search_term_string}\"},\"query-input\":{\"@type\":\"PropertyValueSpecification\",\"valueRequired\":true,\"valueName\":\"search_term_string\"}}],\"inLanguage\":\"es\"},{\"@type\":\"Organization\",\"@id\":\"https:\/\/www.consumerdirectnv.com\/#organization\",\"name\":\"Nevada - Consumer Direct Care\",\"url\":\"https:\/\/www.consumerdirectnv.com\/\",\"logo\":{\"@type\":\"ImageObject\",\"inLanguage\":\"es\",\"@id\":\"https:\/\/www.consumerdirectnv.com\/#\/schema\/logo\/image\/\",\"url\":\"https:\/\/www.consumerdirectnv.com\/wp-content\/uploads\/sites\/24\/2025\/12\/Nevada-logo.png\",\"contentUrl\":\"https:\/\/www.consumerdirectnv.com\/wp-content\/uploads\/sites\/24\/2025\/12\/Nevada-logo.png\",\"width\":158,\"height\":48,\"caption\":\"Nevada - Consumer Direct Care\"},\"image\":{\"@id\":\"https:\/\/www.consumerdirectnv.com\/#\/schema\/logo\/image\/\"}}]}<\/script>\n<!-- \/ Yoast SEO plugin. -->","yoast_head_json":{"title":"Non Discrimination Statement - Nevada - Consumer Direct Care","robots":{"index":"index","follow":"follow","max-snippet":"max-snippet:-1","max-image-preview":"max-image-preview:large","max-video-preview":"max-video-preview:-1"},"canonical":"https:\/\/www.consumerdirectnv.com\/es\/non-discrimination-statement\/","og_locale":"es_ES","og_type":"article","og_title":"Non Discrimination Statement - Nevada - Consumer Direct Care","og_description":"Consumer Direct Care Network Nevada does not discriminate and does not permit discrimination, including,without limitation, bullying, abuse or harassment, on the basis of actual or perceived race, color, religion, national origin, ancestry, age, gender, physical or mental disability, sexual orientation, gender identity or expression or HIV status, or based on association with another person on [&hellip;]","og_url":"https:\/\/www.consumerdirectnv.com\/es\/non-discrimination-statement\/","og_site_name":"Nevada - Consumer Direct Care","article_modified_time":"2026-01-20T09:05:25+00:00","twitter_card":"summary_large_image","twitter_misc":{"Tiempo de lectura":"1 minuto"},"schema":{"@context":"https:\/\/schema.org","@graph":[{"@type":"WebPage","@id":"https:\/\/www.consumerdirectnv.com\/non-discrimination-statement\/","url":"https:\/\/www.consumerdirectnv.com\/non-discrimination-statement\/","name":"Non Discrimination Statement - Nevada - Consumer Direct Care","isPartOf":{"@id":"https:\/\/www.consumerdirectnv.com\/#website"},"datePublished":"2026-01-09T13:47:26+00:00","dateModified":"2026-01-20T09:05:25+00:00","breadcrumb":{"@id":"https:\/\/www.consumerdirectnv.com\/non-discrimination-statement\/#breadcrumb"},"inLanguage":"es","potentialAction":[{"@type":"ReadAction","target":["https:\/\/www.consumerdirectnv.com\/non-discrimination-statement\/"]}]},{"@type":"BreadcrumbList","@id":"https:\/\/www.consumerdirectnv.com\/non-discrimination-statement\/#breadcrumb","itemListElement":[{"@type":"ListItem","position":1,"name":"Home","item":"https:\/\/www.consumerdirectnv.com\/"},{"@type":"ListItem","position":2,"name":"Non Discrimination Statement"}]},{"@type":"WebSite","@id":"https:\/\/www.consumerdirectnv.com\/#website","url":"https:\/\/www.consumerdirectnv.com\/","name":"Nevada - Atenci\u00f3n directa al consumidor","description":"","publisher":{"@id":"https:\/\/www.consumerdirectnv.com\/#organization"},"potentialAction":[{"@type":"SearchAction","target":{"@type":"EntryPoint","urlTemplate":"https:\/\/www.consumerdirectnv.com\/?s={search_term_string}"},"query-input":{"@type":"PropertyValueSpecification","valueRequired":true,"valueName":"search_term_string"}}],"inLanguage":"es"},{"@type":"Organization","@id":"https:\/\/www.consumerdirectnv.com\/#organization","name":"Nevada - Atenci\u00f3n directa al consumidor","url":"https:\/\/www.consumerdirectnv.com\/","logo":{"@type":"ImageObject","inLanguage":"es","@id":"https:\/\/www.consumerdirectnv.com\/#\/schema\/logo\/image\/","url":"https:\/\/www.consumerdirectnv.com\/wp-content\/uploads\/sites\/24\/2025\/12\/Nevada-logo.png","contentUrl":"https:\/\/www.consumerdirectnv.com\/wp-content\/uploads\/sites\/24\/2025\/12\/Nevada-logo.png","width":158,"height":48,"caption":"Nevada - Consumer Direct Care"},"image":{"@id":"https:\/\/www.consumerdirectnv.com\/#\/schema\/logo\/image\/"}}]}},"_links":{"self":[{"href":"https:\/\/www.consumerdirectnv.com\/es\/wp-json\/wp\/v2\/pages\/2540","targetHints":{"allow":["GET"]}}],"collection":[{"href":"https:\/\/www.consumerdirectnv.com\/es\/wp-json\/wp\/v2\/pages"}],"about":[{"href":"https:\/\/www.consumerdirectnv.com\/es\/wp-json\/wp\/v2\/types\/page"}],"author":[{"embeddable":true,"href":"https:\/\/www.consumerdirectnv.com\/es\/wp-json\/wp\/v2\/users\/9"}],"replies":[{"embeddable":true,"href":"https:\/\/www.consumerdirectnv.com\/es\/wp-json\/wp\/v2\/comments?post=2540"}],"version-history":[{"count":14,"href":"https:\/\/www.consumerdirectnv.com\/es\/wp-json\/wp\/v2\/pages\/2540\/revisions"}],"predecessor-version":[{"id":2807,"href":"https:\/\/www.consumerdirectnv.com\/es\/wp-json\/wp\/v2\/pages\/2540\/revisions\/2807"}],"wp:attachment":[{"href":"https:\/\/www.consumerdirectnv.com\/es\/wp-json\/wp\/v2\/media?parent=2540"}],"curies":[{"name":"wp","href":"https:\/\/api.w.org\/{rel}","templated":true}]}}