{"id":199,"date":"2025-12-03T04:41:39","date_gmt":"2025-12-03T04:41:39","guid":{"rendered":"https:\/\/staging-prod-nv.cdcndevelopment.com\/careers\/"},"modified":"2026-02-26T07:38:58","modified_gmt":"2026-02-26T07:38:58","slug":"careers","status":"publish","type":"page","link":"https:\/\/www.consumerdirectnv.com\/es\/careers\/","title":{"rendered":"Carreras profesionales"},"content":{"rendered":"<div data-elementor-type=\"wp-page\" data-elementor-id=\"199\" class=\"elementor elementor-199\" data-elementor-post-type=\"page\">\n\t\t\t\t<div class=\"elementor-element elementor-element-62483e18 e-con-full elementor-hidden-desktop e-flex e-con e-parent\" data-id=\"62483e18\" data-element_type=\"container\" data-settings=\"{&quot;background_background&quot;:&quot;classic&quot;}\">\n\t\t\t\t<div class=\"elementor-element elementor-element-728974a2 elementor-widget elementor-widget-n-accordion\" data-id=\"728974a2\" data-element_type=\"widget\" id=\"accordion-sticky-list-mb\" data-settings=\"{&quot;default_state&quot;:&quot;all_collapsed&quot;,&quot;max_items_expended&quot;:&quot;one&quot;,&quot;n_accordion_animation_duration&quot;:{&quot;unit&quot;:&quot;ms&quot;,&quot;size&quot;:400,&quot;sizes&quot;:[]}}\" data-widget_type=\"nested-accordion.default\">\n\t\t\t\t\t\t\t<div class=\"e-n-accordion\" aria-label=\"Acorde\u00f3n. Abra los enlaces con Intro o Espacio, ci\u00e9rrelos con Escape y navegue con las teclas de flecha.\">\n\t\t\t\t\t\t<details id=\"e-n-accordion-item-1920\" class=\"e-n-accordion-item\" >\n\t\t\t\t<summary class=\"e-n-accordion-item-title\" data-accordion-index=\"1\" tabindex=\"0\" aria-expanded=\"false\" aria-controls=\"e-n-accordion-item-1920\" >\n\t\t\t\t\t<span class='e-n-accordion-item-title-header'><div class=\"e-n-accordion-item-title-text\"> Seleccionar secci\u00f3n <\/div><\/span>\n\t\t\t\t\t\t\t<span class='e-n-accordion-item-title-icon'>\n\t\t\t<span class='e-opened' ><svg xmlns=\"http:\/\/www.w3.org\/2000\/svg\" width=\"24\" height=\"24\" viewbox=\"0 0 24 24\" fill=\"none\"><path d=\"M5 13V11H19V13H5Z\" fill=\"#003764\"><\/path><\/svg><\/span>\n\t\t\t<span class='e-closed'><svg xmlns=\"http:\/\/www.w3.org\/2000\/svg\" width=\"24\" height=\"24\" viewbox=\"0 0 24 24\" fill=\"none\"><path d=\"M11 13H5V11H11V5H13V11H19V13H13V19H11V13Z\" fill=\"#003764\"><\/path><\/svg><\/span>\n\t\t<\/span>\n\n\t\t\t\t\t\t<\/summary>\n\t\t\t\t<div role=\"region\" aria-labelledby=\"e-n-accordion-item-1920\" class=\"elementor-element elementor-element-1a91df10 e-con-full e-flex e-con e-child\" data-id=\"1a91df10\" data-element_type=\"container\">\n\t\t\t\t<div class=\"elementor-element elementor-element-77d9ad8f sticky-list-mb elementor-icon-list--layout-traditional elementor-list-item-link-full_width elementor-widget elementor-widget-icon-list\" data-id=\"77d9ad8f\" data-element_type=\"widget\" data-widget_type=\"icon-list.default\">\n\t\t\t\t\t\t\t<ul class=\"elementor-icon-list-items\">\n\t\t\t\t\t\t\t<li class=\"elementor-icon-list-item\">\n\t\t\t\t\t\t\t\t\t\t\t<a href=\"#caregiving-careers\">\n\n\t\t\t\t\t\t\t\t\t\t\t<span class=\"elementor-icon-list-text\">Carreras de cuidador<\/span>\n\t\t\t\t\t\t\t\t\t\t\t<\/a>\n\t\t\t\t\t\t\t\t\t<\/li>\n\t\t\t\t\t\t\t\t<li class=\"elementor-icon-list-item\">\n\t\t\t\t\t\t\t\t\t\t\t<a href=\"#administrative-careers\">\n\n\t\t\t\t\t\t\t\t\t\t\t<span class=\"elementor-icon-list-text\">Carreras administrativas<\/span>\n\t\t\t\t\t\t\t\t\t\t\t<\/a>\n\t\t\t\t\t\t\t\t\t<\/li>\n\t\t\t\t\t\t<\/ul>\n\t\t\t\t\t\t<\/div>\n\t\t\t\t<\/div>\n\t\t\t\t\t<\/details>\n\t\t\t\t\t<\/div>\n\t\t\t\t\t\t<\/div>\n\t\t\t\t<\/div>\n\t\t<div class=\"elementor-element elementor-element-10494f4c e-con-full e-flex e-con e-parent\" data-id=\"10494f4c\" data-element_type=\"container\" data-settings=\"{&quot;background_background&quot;:&quot;classic&quot;}\">\n\t\t<div class=\"elementor-element elementor-element-6404f3c8 e-con-full elementor-hidden-mobile e-flex e-con e-child\" data-id=\"6404f3c8\" data-element_type=\"container\" data-settings=\"{&quot;background_background&quot;:&quot;classic&quot;}\">\n\t\t\t\t<div class=\"elementor-element elementor-element-1e792841 section-tag-banner elementor-widget elementor-widget-heading\" data-id=\"1e792841\" data-element_type=\"widget\" data-widget_type=\"heading.default\">\n\t\t\t\t\t<h3 class=\"elementor-heading-title elementor-size-default\">Las carreras sanitarias m\u00e1s gratificantes empiezan aqu\u00ed<\/h3>\t\t\t\t<\/div>\n\t\t\t\t<div class=\"elementor-element elementor-element-10db5b39 elementor-widget__width-initial elementor-widget elementor-widget-heading\" data-id=\"10db5b39\" data-element_type=\"widget\" data-widget_type=\"heading.default\">\n\t\t\t\t\t<h1 class=\"elementor-heading-title elementor-size-default\"><mark>\u00danete a<\/mark> Red de Atenci\u00f3n Directa al Consumidor<\/h1>\t\t\t\t<\/div>\n\t\t\t\t<\/div>\n\t\t<div class=\"elementor-element elementor-element-5eaec276 elementor-hidden-desktop elementor-hidden-tablet e-flex e-con-boxed e-con e-child\" data-id=\"5eaec276\" data-element_type=\"container\">\n\t\t\t\t\t<div class=\"e-con-inner\">\n\t\t\t\t<div class=\"elementor-element elementor-element-18c05a9f section-tag-grey elementor-widget elementor-widget-heading\" data-id=\"18c05a9f\" data-element_type=\"widget\" data-widget_type=\"heading.default\">\n\t\t\t\t\t<h2 class=\"elementor-heading-title elementor-size-default\">Las carreras sanitarias m\u00e1s gratificantes empiezan aqu\u00ed<\/h2>\t\t\t\t<\/div>\n\t\t\t\t<div class=\"elementor-element elementor-element-1e6877ca elementor-widget__width-initial elementor-widget elementor-widget-heading\" data-id=\"1e6877ca\" data-element_type=\"widget\" data-widget_type=\"heading.default\">\n\t\t\t\t\t<h1 class=\"elementor-heading-title elementor-size-default\"><mark>\u00danete a<\/mark> Red de Atenci\u00f3n Directa al Consumidor<\/h1>\t\t\t\t<\/div>\n\t\t\t\t<div class=\"elementor-element elementor-element-43248e67 elementor-widget-mobile__width-inherit elementor-widget elementor-widget-image\" data-id=\"43248e67\" data-element_type=\"widget\" data-widget_type=\"image.default\">\n\t\t\t\t\t\t\t\t\t\t\t\t\t\t\t<img decoding=\"async\" src=\"https:\/\/www.consumerdirectnv.com\/wp-content\/uploads\/sites\/24\/2025\/12\/career-banner-mobile.png\" title=\"\" alt=\"\" loading=\"lazy\" \/>\t\t\t\t\t\t\t\t\t\t\t\t\t\t\t<\/div>\n\t\t\t\t\t<\/div>\n\t\t\t\t<\/div>\n\t\t\t\t<\/div>\n\t\t<div class=\"elementor-element elementor-element-38720da6 e-con-full e-flex e-con e-parent\" data-id=\"38720da6\" data-element_type=\"container\" id=\"caregiving-careers\" data-settings=\"{&quot;background_background&quot;:&quot;classic&quot;}\">\n\t\t<div class=\"elementor-element elementor-element-24d69db5 e-con-full elementor-hidden-tablet elementor-hidden-mobile e-flex e-con e-child\" data-id=\"24d69db5\" data-element_type=\"container\">\n\t\t\t\t<div class=\"elementor-element elementor-element-466820b sticky-list elementor-icon-list--layout-traditional elementor-list-item-link-full_width elementor-widget elementor-widget-icon-list\" data-id=\"466820b\" data-element_type=\"widget\" data-settings=\"{&quot;sticky&quot;:&quot;top&quot;,&quot;sticky_offset&quot;:150,&quot;sticky_on&quot;:[&quot;desktop&quot;],&quot;sticky_effects_offset&quot;:0,&quot;sticky_anchor_link_offset&quot;:0}\" data-widget_type=\"icon-list.default\">\n\t\t\t\t\t\t\t<ul class=\"elementor-icon-list-items\">\n\t\t\t\t\t\t\t<li class=\"elementor-icon-list-item\">\n\t\t\t\t\t\t\t\t\t\t\t<a href=\"#caregiving-careers\">\n\n\t\t\t\t\t\t\t\t\t\t\t<span class=\"elementor-icon-list-text\">Carreras de cuidador<\/span>\n\t\t\t\t\t\t\t\t\t\t\t<\/a>\n\t\t\t\t\t\t\t\t\t<\/li>\n\t\t\t\t\t\t\t\t<li class=\"elementor-icon-list-item\">\n\t\t\t\t\t\t\t\t\t\t\t<a href=\"#administrative-careers\">\n\n\t\t\t\t\t\t\t\t\t\t\t<span class=\"elementor-icon-list-text\">Carreras administrativas<\/span>\n\t\t\t\t\t\t\t\t\t\t\t<\/a>\n\t\t\t\t\t\t\t\t\t<\/li>\n\t\t\t\t\t\t<\/ul>\n\t\t\t\t\t\t<\/div>\n\t\t\t\t<\/div>\n\t\t<div class=\"elementor-element elementor-element-1301636b e-con-full e-flex e-con e-child\" data-id=\"1301636b\" data-element_type=\"container\">\n\t\t<div class=\"elementor-element elementor-element-3f96083f e-con-full e-flex e-con e-child\" data-id=\"3f96083f\" data-element_type=\"container\">\n\t\t<div class=\"elementor-element elementor-element-2f5c367e e-con-full e-flex e-con e-child\" data-id=\"2f5c367e\" data-element_type=\"container\">\n\t\t\t\t<div class=\"elementor-element elementor-element-1129e502 elementor-widget elementor-widget-text-editor\" data-id=\"1129e502\" data-element_type=\"widget\" data-widget_type=\"text-editor.default\">\n\t\t\t\t\t\t\t\t\t<h3>Carreras de cuidador<\/h3>\n<p>Nuestros cuidadores marcan la diferencia en la vida de los afiliados y sus familias proporcion\u00e1ndoles cuidados a domicilio. Solicite hoy mismo unirse a nuestro equipo de cuidadores a domicilio.<\/p>\n\t\t\t\t\t\t\t\t<\/div>\n\t\t\t\t<div class=\"elementor-element elementor-element-795b142 elementor-align-left primary-dark elementor-mobile-align-justify elementor-widget elementor-widget-button\" data-id=\"795b142\" data-element_type=\"widget\" data-widget_type=\"button.default\">\n\t\t\t\t\t\t\t\t\t\t<a class=\"elementor-button elementor-button-link elementor-size-sm\" href=\"https:\/\/cdcn.avature.net\/careers\/SearchJobs\/?1140=%5B6211%5D&#038;1140_format=1024&#038;492=%5B6707%5D&#038;492_format=319&#038;listFilterMode=1&#038;jobRecordsPerPage=25&#038;\" target=\"_blank\">\n\t\t\t\t\t\t<span class=\"elementor-button-content-wrapper\">\n\t\t\t\t\t\t\t\t\t<span class=\"elementor-button-text\">Encuentra tu carrera<\/span>\n\t\t\t\t\t<\/span>\n\t\t\t\t\t<\/a>\n\t\t\t\t\t\t\t\t<\/div>\n\t\t\t\t<\/div>\n\t\t<div class=\"elementor-element elementor-element-7cbfcebf e-con-full e-flex e-con e-child\" data-id=\"7cbfcebf\" data-element_type=\"container\">\n\t\t\t\t<div class=\"elementor-element elementor-element-7b63f260 elementor-widget-mobile__width-inherit elementor-widget elementor-widget-image\" data-id=\"7b63f260\" data-element_type=\"widget\" data-widget_type=\"image.default\">\n\t\t\t\t\t\t\t\t\t\t\t\t\t\t\t<img decoding=\"async\" src=\"https:\/\/www.consumerdirectnv.com\/wp-content\/uploads\/sites\/24\/2025\/12\/caregiving.png\" title=\"\" alt=\"\" loading=\"lazy\" \/>\t\t\t\t\t\t\t\t\t\t\t\t\t\t\t<\/div>\n\t\t\t\t<\/div>\n\t\t\t\t<\/div>\n\t\t<div class=\"elementor-element elementor-element-34b08fe e-con-full e-flex e-con e-child\" data-id=\"34b08fe\" data-element_type=\"container\">\n\t\t<div class=\"elementor-element elementor-element-722ddd7a e-con-full e-flex e-con e-child\" data-id=\"722ddd7a\" data-element_type=\"container\" data-settings=\"{&quot;background_background&quot;:&quot;classic&quot;}\">\n\t\t\t\t<div class=\"elementor-element elementor-element-37e189a3 career-list-block-dark elementor-widget elementor-widget-text-editor\" data-id=\"37e189a3\" data-element_type=\"widget\" data-widget_type=\"text-editor.default\">\n\t\t\t\t\t\t\t\t\t<h5>Lo que obtiene<\/h5>\n<ul>\n<li>$17 por hora<\/li>\n<li>Una carrera gratificante ayudando a los dem\u00e1s<\/li>\n<li>Horarios flexibles<\/li>\n<li>Prestaciones de jubilaci\u00f3n<\/li>\n<li>Seguro de enfermedad (m\u00e9dico, dental y oftalmol\u00f3gico)<\/li>\n<li>Cuenta de gastos flexible<\/li>\n<\/ul>\n\t\t\t\t\t\t\t\t<\/div>\n\t\t\t\t<\/div>\n\t\t<div class=\"elementor-element elementor-element-376125fe e-con-full e-flex e-con e-child\" data-id=\"376125fe\" data-element_type=\"container\" data-settings=\"{&quot;background_background&quot;:&quot;classic&quot;}\">\n\t\t\t\t<div class=\"elementor-element elementor-element-4a26c9cf career-list-block-light elementor-widget elementor-widget-text-editor\" data-id=\"4a26c9cf\" data-element_type=\"widget\" data-widget_type=\"text-editor.default\">\n\t\t\t\t\t\t\t\t\t<h5>Qu\u00e9 puede hacer<\/h5>\n<ul>\n<li>Tareas dom\u00e9sticas ligeras y preparaci\u00f3n de comidas<\/li>\n<li>Recordatorios de medicaci\u00f3n y citas<\/li>\n<li>Asistencia en el aseo y el ba\u00f1o<\/li>\n<li>Compras esenciales de comestibles y medicamentos<\/li>\n<li>Supervisar e informar de los cambios en la salud, el comportamiento y las necesidades.<\/li>\n<\/ul>\n\t\t\t\t\t\t\t\t<\/div>\n\t\t\t\t<\/div>\n\t\t\t\t<\/div>\n\t\t\t\t<\/div>\n\t\t\t\t<\/div>\n\t\t<div class=\"elementor-element elementor-element-1e4de99 e-con-full e-flex e-con e-parent\" data-id=\"1e4de99\" data-element_type=\"container\" id=\"administrative-careers\" data-settings=\"{&quot;background_background&quot;:&quot;classic&quot;}\">\n\t\t<div class=\"elementor-element elementor-element-952471b e-con-full elementor-hidden-tablet elementor-hidden-mobile e-flex e-con e-child\" data-id=\"952471b\" data-element_type=\"container\">\n\t\t\t\t<\/div>\n\t\t<div class=\"elementor-element elementor-element-53ac67b e-con-full e-flex e-con e-child\" data-id=\"53ac67b\" data-element_type=\"container\">\n\t\t<div class=\"elementor-element elementor-element-52655f2 e-con-full e-flex e-con e-child\" data-id=\"52655f2\" data-element_type=\"container\">\n\t\t\t\t<div class=\"elementor-element elementor-element-f2f959e elementor-widget-mobile__width-inherit elementor-widget elementor-widget-image\" data-id=\"f2f959e\" data-element_type=\"widget\" data-widget_type=\"image.default\">\n\t\t\t\t\t\t\t\t\t\t\t\t\t\t\t<img decoding=\"async\" src=\"https:\/\/www.consumerdirectnv.com\/wp-content\/uploads\/sites\/24\/2026\/01\/admin-career-img.jpg\" title=\"\" alt=\"\" loading=\"lazy\" \/>\t\t\t\t\t\t\t\t\t\t\t\t\t\t\t<\/div>\n\t\t\t\t<\/div>\n\t\t<div class=\"elementor-element elementor-element-3e54d93 e-con-full e-flex e-con e-child\" data-id=\"3e54d93\" data-element_type=\"container\">\n\t\t<div class=\"elementor-element elementor-element-4b8f730 e-con-full e-flex e-con e-child\" data-id=\"4b8f730\" data-element_type=\"container\">\n\t\t\t\t<div class=\"elementor-element elementor-element-ba87d79 elementor-widget elementor-widget-text-editor\" data-id=\"ba87d79\" data-element_type=\"widget\" data-widget_type=\"text-editor.default\">\n\t\t\t\t\t\t\t\t\t<h3>Carreras administrativas<\/h3>\n<p>Consumer Direct Care Network ofrece un amplio abanico de interesantes oportunidades profesionales en oficinas locales y a distancia.<\/p>\n\t\t\t\t\t\t\t\t<\/div>\n\t\t\t\t<div class=\"elementor-element elementor-element-bcf93a9 primary-dark elementor-widget elementor-widget-button\" data-id=\"bcf93a9\" data-element_type=\"widget\" data-widget_type=\"button.default\">\n\t\t\t\t\t\t\t\t\t\t<a class=\"elementor-button elementor-button-link elementor-size-sm\" href=\"https:\/\/cdcn.avature.net\/careers\/SearchJobs\/?1140=%5B6211%5D&#038;1140_format=1024&#038;492=%5B6704%2C6705%2C6706%2C6708%2C6710%2C6711%2C6712%2C6713%2C6714%2C6715%2C6716%2C6717%2C6719%2C6720%2C6709%2C6721%5D&#038;492_format=319&#038;listFilterMode=1&#038;jobRecordsPerPage=25&#038;\" target=\"_blank\">\n\t\t\t\t\t\t<span class=\"elementor-button-content-wrapper\">\n\t\t\t\t\t\t\t\t\t<span class=\"elementor-button-text\">Encuentra tu carrera<\/span>\n\t\t\t\t\t<\/span>\n\t\t\t\t\t<\/a>\n\t\t\t\t\t\t\t\t<\/div>\n\t\t\t\t<\/div>\n\t\t\t\t<\/div>\n\t\t\t\t<\/div>\n\t\t\t\t<\/div>\n\t\t<div class=\"elementor-element elementor-element-7aae363 e-con-full e-flex e-con e-parent\" data-id=\"7aae363\" data-element_type=\"container\" id=\"career-support\" data-settings=\"{&quot;background_background&quot;:&quot;classic&quot;}\">\n\t\t<div class=\"elementor-element elementor-element-cc18fe4 e-con-full elementor-hidden-tablet elementor-hidden-mobile e-flex e-con e-child\" data-id=\"cc18fe4\" data-element_type=\"container\">\n\t\t\t\t<\/div>\n\t\t<div class=\"elementor-element elementor-element-5743009 e-con-full e-flex e-con e-child\" data-id=\"5743009\" data-element_type=\"container\" data-settings=\"{&quot;background_background&quot;:&quot;classic&quot;}\">\n\t\t<div class=\"elementor-element elementor-element-12d6bd0 e-con-full e-flex e-con e-child\" data-id=\"12d6bd0\" data-element_type=\"container\">\n\t\t\t\t<div class=\"elementor-element elementor-element-f4034f6 elementor-widget-mobile__width-inherit elementor-widget elementor-widget-image\" data-id=\"f4034f6\" data-element_type=\"widget\" data-widget_type=\"image.default\">\n\t\t\t\t\t\t\t\t\t\t\t\t\t\t\t<img decoding=\"async\" src=\"https:\/\/www.consumerdirectnv.com\/wp-content\/uploads\/sites\/24\/2026\/01\/career-support-img.jpg\" title=\"\" alt=\"\" loading=\"lazy\" \/>\t\t\t\t\t\t\t\t\t\t\t\t\t\t\t<\/div>\n\t\t\t\t<\/div>\n\t\t<div class=\"elementor-element elementor-element-10eeb1e e-con-full e-flex e-con e-child\" data-id=\"10eeb1e\" data-element_type=\"container\">\n\t\t<div class=\"elementor-element elementor-element-4158454 e-con-full e-flex e-con e-child\" data-id=\"4158454\" data-element_type=\"container\">\n\t\t\t\t<div class=\"elementor-element elementor-element-035476a section-tag-bluebox elementor-widget elementor-widget-heading\" data-id=\"035476a\" data-element_type=\"widget\" data-widget_type=\"heading.default\">\n\t\t\t\t\t<h2 class=\"elementor-heading-title elementor-size-default\">Apoyo a la carrera profesional<\/h2>\t\t\t\t<\/div>\n\t\t\t\t<div class=\"elementor-element elementor-element-edaa455 elementor-widget elementor-widget-text-editor\" data-id=\"edaa455\" data-element_type=\"widget\" data-widget_type=\"text-editor.default\">\n\t\t\t\t\t\t\t\t\t<h4>Estamos aqu\u00ed para ayudarle a encontrar la soluci\u00f3n adecuada.<\/h4>\n<p>\u00bfTiene alguna pregunta sobre la solicitud o quiere saber m\u00e1s sobre c\u00f3mo trabajar con nosotros? Nuestro equipo est\u00e1 a su disposici\u00f3n.<\/p>\n\t\t\t\t\t\t\t\t<\/div>\n\t\t\t\t<div class=\"elementor-element elementor-element-8323ded elementor-widget elementor-widget-spacer\" data-id=\"8323ded\" data-element_type=\"widget\" data-widget_type=\"spacer.default\">\n\t\t\t\t\t\t\t<div class=\"elementor-spacer\">\n\t\t\t<div class=\"elementor-spacer-inner\"><\/div>\n\t\t<\/div>\n\t\t\t\t\t\t<\/div>\n\t\t\t\t<div class=\"elementor-element elementor-element-7122cd1 elementor-widget elementor-widget-text-editor\" data-id=\"7122cd1\" data-element_type=\"widget\" data-widget_type=\"text-editor.default\">\n\t\t\t\t\t\t\t\t\t<div class=\"ewa-rteLine\"><strong>\u00bfTiene m\u00e1s preguntas sobre el trabajo de Cuidador?<\/strong><\/div><div class=\"ewa-rteLine\">Correo electr\u00f3nico <a href=\"mailto:InfoCDNV@ConsumerDirectCare.com\">InfoCDNV@ConsumerDirectCare.com<\/a>\u00a0para saber m\u00e1s sobre oportunidades de cuidado y c\u00f3mo empezar.<\/div><div>\u00a0<\/div><div><div class=\"ewa-rteLine\"><strong>\u00bfTiene m\u00e1s preguntas sobre el puesto de Administrativo?<\/strong><\/div><div class=\"ewa-rteLine\">Correo electr\u00f3nico <a href=\"mailto:InfoJobs@ConsumerDirectCare.com\">InfoJobs@ConsumerDirectCare.com<\/a>\u00a0para obtener ayuda con las solicitudes o detalles sobre las funciones administrativas y de oficina<\/div><\/div>\t\t\t\t\t\t\t\t<\/div>\n\t\t\t\t<\/div>\n\t\t\t\t<\/div>\n\t\t\t\t<\/div>\n\t\t\t\t<\/div>\n\t\t\t\t<\/div>","protected":false},"excerpt":{"rendered":"<p>Select Section Caregiving Careers Administrative Careers Caregiving Careers Administrative Careers Caregiving Careers Administrative Careers Have more questions about Caregiving job?Email InfoCDNV@ConsumerDirectCare.com\u00a0to learn more about caregiving opportunities and how to get started.\u00a0Have more questions about Administrative job?Email InfoJobs@ConsumerDirectCare.com\u00a0for help with applications or details about office and administrative roles<\/p>","protected":false},"author":1,"featured_media":0,"parent":0,"menu_order":0,"comment_status":"closed","ping_status":"closed","template":"","meta":{"_acf_changed":false,"footnotes":""},"class_list":["post-199","page","type-page","status-publish","hentry"],"acf":[],"yoast_head":"<!-- This site is optimized with the Yoast SEO plugin v26.0 - https:\/\/yoast.com\/wordpress\/plugins\/seo\/ -->\n<title>Careers - Nevada - Consumer Direct Care<\/title>\n<meta name=\"robots\" content=\"index, follow, max-snippet:-1, max-image-preview:large, max-video-preview:-1\" \/>\n<link rel=\"canonical\" href=\"https:\/\/www.consumerdirectnv.com\/es\/careers\/\" \/>\n<meta property=\"og:locale\" content=\"es_ES\" \/>\n<meta property=\"og:type\" content=\"article\" \/>\n<meta property=\"og:title\" content=\"Careers - Nevada - Consumer Direct Care\" \/>\n<meta property=\"og:description\" content=\"Select Section Caregiving Careers Administrative Careers Caregiving Careers Administrative Careers Caregiving Careers Administrative Careers Have more questions about Caregiving job?Email InfoCDNV@ConsumerDirectCare.com\u00a0to learn more about caregiving opportunities and how to get started.\u00a0Have more questions about Administrative job?Email InfoJobs@ConsumerDirectCare.com\u00a0for help with applications or details about office and administrative roles\" \/>\n<meta property=\"og:url\" content=\"https:\/\/www.consumerdirectnv.com\/es\/careers\/\" \/>\n<meta property=\"og:site_name\" content=\"Nevada - Consumer Direct Care\" \/>\n<meta property=\"article:modified_time\" content=\"2026-02-26T07:38:58+00:00\" \/>\n<meta name=\"twitter:card\" content=\"summary_large_image\" \/>\n<meta name=\"twitter:label1\" content=\"Tiempo de lectura\" \/>\n\t<meta name=\"twitter:data1\" content=\"1 minuto\" \/>\n<script type=\"application\/ld+json\" class=\"yoast-schema-graph\">{\"@context\":\"https:\/\/schema.org\",\"@graph\":[{\"@type\":\"WebPage\",\"@id\":\"https:\/\/www.consumerdirectnv.com\/careers\/\",\"url\":\"https:\/\/www.consumerdirectnv.com\/careers\/\",\"name\":\"Careers - Nevada - Consumer Direct Care\",\"isPartOf\":{\"@id\":\"https:\/\/www.consumerdirectnv.com\/#website\"},\"datePublished\":\"2025-12-03T04:41:39+00:00\",\"dateModified\":\"2026-02-26T07:38:58+00:00\",\"breadcrumb\":{\"@id\":\"https:\/\/www.consumerdirectnv.com\/careers\/#breadcrumb\"},\"inLanguage\":\"es\",\"potentialAction\":[{\"@type\":\"ReadAction\",\"target\":[\"https:\/\/www.consumerdirectnv.com\/careers\/\"]}]},{\"@type\":\"BreadcrumbList\",\"@id\":\"https:\/\/www.consumerdirectnv.com\/careers\/#breadcrumb\",\"itemListElement\":[{\"@type\":\"ListItem\",\"position\":1,\"name\":\"Home\",\"item\":\"https:\/\/www.consumerdirectnv.com\/\"},{\"@type\":\"ListItem\",\"position\":2,\"name\":\"Careers\"}]},{\"@type\":\"WebSite\",\"@id\":\"https:\/\/www.consumerdirectnv.com\/#website\",\"url\":\"https:\/\/www.consumerdirectnv.com\/\",\"name\":\"Nevada - Consumer Direct Care\",\"description\":\"\",\"publisher\":{\"@id\":\"https:\/\/www.consumerdirectnv.com\/#organization\"},\"potentialAction\":[{\"@type\":\"SearchAction\",\"target\":{\"@type\":\"EntryPoint\",\"urlTemplate\":\"https:\/\/www.consumerdirectnv.com\/?s={search_term_string}\"},\"query-input\":{\"@type\":\"PropertyValueSpecification\",\"valueRequired\":true,\"valueName\":\"search_term_string\"}}],\"inLanguage\":\"es\"},{\"@type\":\"Organization\",\"@id\":\"https:\/\/www.consumerdirectnv.com\/#organization\",\"name\":\"Nevada - Consumer Direct Care\",\"url\":\"https:\/\/www.consumerdirectnv.com\/\",\"logo\":{\"@type\":\"ImageObject\",\"inLanguage\":\"es\",\"@id\":\"https:\/\/www.consumerdirectnv.com\/#\/schema\/logo\/image\/\",\"url\":\"https:\/\/www.consumerdirectnv.com\/wp-content\/uploads\/sites\/24\/2025\/12\/Nevada-logo.png\",\"contentUrl\":\"https:\/\/www.consumerdirectnv.com\/wp-content\/uploads\/sites\/24\/2025\/12\/Nevada-logo.png\",\"width\":158,\"height\":48,\"caption\":\"Nevada - Consumer Direct Care\"},\"image\":{\"@id\":\"https:\/\/www.consumerdirectnv.com\/#\/schema\/logo\/image\/\"}}]}<\/script>\n<!-- \/ Yoast SEO plugin. -->","yoast_head_json":{"title":"Careers - Nevada - Consumer Direct Care","robots":{"index":"index","follow":"follow","max-snippet":"max-snippet:-1","max-image-preview":"max-image-preview:large","max-video-preview":"max-video-preview:-1"},"canonical":"https:\/\/www.consumerdirectnv.com\/es\/careers\/","og_locale":"es_ES","og_type":"article","og_title":"Careers - Nevada - Consumer Direct Care","og_description":"Select Section Caregiving Careers Administrative Careers Caregiving Careers Administrative Careers Caregiving Careers Administrative Careers Have more questions about Caregiving job?Email InfoCDNV@ConsumerDirectCare.com\u00a0to learn more about caregiving opportunities and how to get started.\u00a0Have more questions about Administrative job?Email InfoJobs@ConsumerDirectCare.com\u00a0for help with applications or details about office and administrative roles","og_url":"https:\/\/www.consumerdirectnv.com\/es\/careers\/","og_site_name":"Nevada - Consumer Direct Care","article_modified_time":"2026-02-26T07:38:58+00:00","twitter_card":"summary_large_image","twitter_misc":{"Tiempo de lectura":"1 minuto"},"schema":{"@context":"https:\/\/schema.org","@graph":[{"@type":"WebPage","@id":"https:\/\/www.consumerdirectnv.com\/careers\/","url":"https:\/\/www.consumerdirectnv.com\/careers\/","name":"Careers - Nevada - Consumer Direct Care","isPartOf":{"@id":"https:\/\/www.consumerdirectnv.com\/#website"},"datePublished":"2025-12-03T04:41:39+00:00","dateModified":"2026-02-26T07:38:58+00:00","breadcrumb":{"@id":"https:\/\/www.consumerdirectnv.com\/careers\/#breadcrumb"},"inLanguage":"es","potentialAction":[{"@type":"ReadAction","target":["https:\/\/www.consumerdirectnv.com\/careers\/"]}]},{"@type":"BreadcrumbList","@id":"https:\/\/www.consumerdirectnv.com\/careers\/#breadcrumb","itemListElement":[{"@type":"ListItem","position":1,"name":"Home","item":"https:\/\/www.consumerdirectnv.com\/"},{"@type":"ListItem","position":2,"name":"Careers"}]},{"@type":"WebSite","@id":"https:\/\/www.consumerdirectnv.com\/#website","url":"https:\/\/www.consumerdirectnv.com\/","name":"Nevada - Atenci\u00f3n directa al consumidor","description":"","publisher":{"@id":"https:\/\/www.consumerdirectnv.com\/#organization"},"potentialAction":[{"@type":"SearchAction","target":{"@type":"EntryPoint","urlTemplate":"https:\/\/www.consumerdirectnv.com\/?s={search_term_string}"},"query-input":{"@type":"PropertyValueSpecification","valueRequired":true,"valueName":"search_term_string"}}],"inLanguage":"es"},{"@type":"Organization","@id":"https:\/\/www.consumerdirectnv.com\/#organization","name":"Nevada - Atenci\u00f3n directa al consumidor","url":"https:\/\/www.consumerdirectnv.com\/","logo":{"@type":"ImageObject","inLanguage":"es","@id":"https:\/\/www.consumerdirectnv.com\/#\/schema\/logo\/image\/","url":"https:\/\/www.consumerdirectnv.com\/wp-content\/uploads\/sites\/24\/2025\/12\/Nevada-logo.png","contentUrl":"https:\/\/www.consumerdirectnv.com\/wp-content\/uploads\/sites\/24\/2025\/12\/Nevada-logo.png","width":158,"height":48,"caption":"Nevada - Consumer Direct Care"},"image":{"@id":"https:\/\/www.consumerdirectnv.com\/#\/schema\/logo\/image\/"}}]}},"_links":{"self":[{"href":"https:\/\/www.consumerdirectnv.com\/es\/wp-json\/wp\/v2\/pages\/199","targetHints":{"allow":["GET"]}}],"collection":[{"href":"https:\/\/www.consumerdirectnv.com\/es\/wp-json\/wp\/v2\/pages"}],"about":[{"href":"https:\/\/www.consumerdirectnv.com\/es\/wp-json\/wp\/v2\/types\/page"}],"author":[{"embeddable":true,"href":"https:\/\/www.consumerdirectnv.com\/es\/wp-json\/wp\/v2\/users\/1"}],"replies":[{"embeddable":true,"href":"https:\/\/www.consumerdirectnv.com\/es\/wp-json\/wp\/v2\/comments?post=199"}],"version-history":[{"count":109,"href":"https:\/\/www.consumerdirectnv.com\/es\/wp-json\/wp\/v2\/pages\/199\/revisions"}],"predecessor-version":[{"id":3264,"href":"https:\/\/www.consumerdirectnv.com\/es\/wp-json\/wp\/v2\/pages\/199\/revisions\/3264"}],"wp:attachment":[{"href":"https:\/\/www.consumerdirectnv.com\/es\/wp-json\/wp\/v2\/media?parent=199"}],"curies":[{"name":"wp","href":"https:\/\/api.w.org\/{rel}","templated":true}]}}